{"id":58,"date":"2016-10-18T20:54:42","date_gmt":"2016-10-18T20:54:42","guid":{"rendered":"http:\/\/sacesa.es\/?page_id=58"},"modified":"2023-11-13T06:39:51","modified_gmt":"2023-11-13T06:39:51","slug":"politica-de-privacidad","status":"publish","type":"page","link":"https:\/\/sacesa.es\/en\/politica-de-privacidad\/","title":{"rendered":"PRIVACY POLICY"},"content":{"rendered":"<div data-elementor-type=\"wp-page\" data-elementor-id=\"58\" class=\"elementor elementor-58\" data-elementor-post-type=\"page\">\n\t\t\t\t<div class=\"elementor-element elementor-element-7560a0d e-flex e-con-boxed e-con e-parent\" data-id=\"7560a0d\" data-element_type=\"container\" data-e-type=\"container\">\n\t\t\t\t\t<div class=\"e-con-inner\">\n\t\t\t\t<div class=\"elementor-element elementor-element-a50998a elementor-widget elementor-widget-heading\" data-id=\"a50998a\" data-element_type=\"widget\" data-e-type=\"widget\" data-widget_type=\"heading.default\">\n\t\t\t\t<div class=\"elementor-widget-container\">\n\t\t\t\t\t<h3 class=\"elementor-heading-title elementor-size-default\">Privacy Policy<\/h3>\t\t\t\t<\/div>\n\t\t\t\t<\/div>\n\t\t\t\t<div class=\"elementor-element elementor-element-a5fb3f3 elementor-widget elementor-widget-text-editor\" data-id=\"a5fb3f3\" data-element_type=\"widget\" data-e-type=\"widget\" data-widget_type=\"text-editor.default\">\n\t\t\t\t<div class=\"elementor-widget-container\">\n\t\t\t\t\t\t\t\t\t<p>SACESA CONSULTORES SL (HEREINAFTER \u201cTHE OWNER\u201d)<br \/>ADDRESS OF THE OWNER: Conde de Vilches, 25 \u2013 28028 \u2013 MADRID<br \/>EMAIL OF THE OWNER: consultantes@sacesa.es<\/p><p><span style=\"color: #6e90a6;\"><strong>In accordance with Organic Law 15\/1999, of December 13, on the Protection of Personal Data<\/strong><\/span>, THE OWNER informs users that the personal data collected through any type of form will be incorporated into a file called \u201cCLIENTS AND\/OR SUPPLIERS\u201d registered with the Spanish Data Protection Agency, property and responsibility of THE OWNER in order to to be able to communicate with its users and clients, offer them news and information of interest, and provide information, consulting or other services.<\/p><p><span style=\"color: #6e90a6;\"><strong>To this end, and in accordance with Royal Decree 1720\/2007, of December 21<\/strong><\/span>, THE OWNER undertakes to adopt appropriate security measures for the personal data that users provide and to put in place the means and technical measures to prevent their loss, misuse, alteration, unauthorized access and theft. THE OWNER needs the data requested in the registration form for the registration, provision and billing of the service. If the requested data is not reflected, we will not be able to provide this service.<\/p><p>The user authorizes THE OWNER himself, or through the natural or legal persons he designates, to use the user&#039;s contact data for the commercial promotion of goods and services of THE OWNER, being able to communicate with the user for this purpose. in the future.<\/p><p>If you receive a resume to any email that appears on this website, we will proceed to delete it immediately.<\/p><p>Regarding the use of social networks that you can link on this website, we inform you that in some cases, you may receive commercial information about the services provided by our company or news that we believe may be of interest to you. Likewise, the email that you provide us both when contracting a service and when requesting information, may also receive commercial information about the products and services described above.<\/p><p>The user may at any time exercise the rights of access, rectification, opposition and cancellation of their personal data, in accordance with the provisions of current regulations on the protection of personal data, by contacting our company for a postal letter to its ADDRESS address. THE OWNER or through the EMAIL OF THE OWNER.<\/p><p>If you do not want to receive commercial information or want to unsubscribe from our news or commercial newsletter, you must follow the conditions detailed therein or send an email to the EMAIL OF THE OWNER with the phrase \u201cUnsubscribe Newsletter\u201d.<\/p>\t\t\t\t\t\t\t\t<\/div>\n\t\t\t\t<\/div>\n\t\t\t\t\t<\/div>\n\t\t\t\t<\/div>\n\t\t\t\t<\/div>","protected":false},"excerpt":{"rendered":"<p>Pol\u00edtica de Privacidad SACESA CONSULTORES SL (EN ADELANTE \u201cEL TITULAR\u201d)DOMICILIO DE EL TITULAR: Conde de Vilches, 25 \u2013 28028 \u2013 MADRIDEMAIL DE EL TITULAR: consultores@sacesa.es De acuerdo con la Ley Org\u00e1nica 15\/1999, de 13 de diciembre, de Protecci\u00f3n de Datos de Car\u00e1cter Personal, EL TITULAR informa a los usuarios que los datos personales recogidos mediante [&hellip;]<\/p>\n","protected":false},"author":1,"featured_media":0,"parent":0,"menu_order":0,"comment_status":"closed","ping_status":"closed","template":"","meta":{"site-sidebar-layout":"default","site-content-layout":"","ast-site-content-layout":"default","site-content-style":"default","site-sidebar-style":"default","ast-global-header-display":"","ast-banner-title-visibility":"","ast-main-header-display":"","ast-hfb-above-header-display":"","ast-hfb-below-header-display":"","ast-hfb-mobile-header-display":"","site-post-title":"","ast-breadcrumbs-content":"","ast-featured-img":"","footer-sml-layout":"","ast-disable-related-posts":"","theme-transparent-header-meta":"","adv-header-id-meta":"","stick-header-meta":"","header-above-stick-meta":"","header-main-stick-meta":"","header-below-stick-meta":"","astra-migrate-meta-layouts":"default","ast-page-background-enabled":"default","ast-page-background-meta":{"desktop":{"background-color":"var(--ast-global-color-4)","background-image":"","background-repeat":"repeat","background-position":"center center","background-size":"auto","background-attachment":"scroll","background-type":"","background-media":"","overlay-type":"","overlay-color":"","overlay-opacity":"","overlay-gradient":""},"tablet":{"background-color":"","background-image":"","background-repeat":"repeat","background-position":"center center","background-size":"auto","background-attachment":"scroll","background-type":"","background-media":"","overlay-type":"","overlay-color":"","overlay-opacity":"","overlay-gradient":""},"mobile":{"background-color":"","background-image":"","background-repeat":"repeat","background-position":"center center","background-size":"auto","background-attachment":"scroll","background-type":"","background-media":"","overlay-type":"","overlay-color":"","overlay-opacity":"","overlay-gradient":""}},"ast-content-background-meta":{"desktop":{"background-color":"var(--ast-global-color-5)","background-image":"","background-repeat":"repeat","background-position":"center center","background-size":"auto","background-attachment":"scroll","background-type":"","background-media":"","overlay-type":"","overlay-color":"","overlay-opacity":"","overlay-gradient":""},"tablet":{"background-color":"var(--ast-global-color-5)","background-image":"","background-repeat":"repeat","background-position":"center center","background-size":"auto","background-attachment":"scroll","background-type":"","background-media":"","overlay-type":"","overlay-color":"","overlay-opacity":"","overlay-gradient":""},"mobile":{"background-color":"var(--ast-global-color-5)","background-image":"","background-repeat":"repeat","background-position":"center center","background-size":"auto","background-attachment":"scroll","background-type":"","background-media":"","overlay-type":"","overlay-color":"","overlay-opacity":"","overlay-gradient":""}},"footnotes":""},"class_list":["post-58","page","type-page","status-publish","hentry"],"yoast_head":"<!-- This site is optimized with the Yoast SEO plugin v27.4 - https:\/\/yoast.com\/product\/yoast-seo-wordpress\/ -->\n<title>POL\u00cdTICA DE PRIVACIDAD - Sacesa<\/title>\n<meta name=\"description\" content=\"Pol\u00edtica de Privacidad de Sacesa consultores. Sociedades - Grupos - Periciales - Procedimiento. Cont\u00e1ctanos en la ciudad de Madrid.\" \/>\n<meta name=\"robots\" content=\"noindex, nofollow\" \/>\n<meta property=\"og:locale\" content=\"en_GB\" \/>\n<meta property=\"og:type\" content=\"article\" \/>\n<meta property=\"og:title\" content=\"POL\u00cdTICA DE PRIVACIDAD - Sacesa\" \/>\n<meta property=\"og:description\" content=\"Pol\u00edtica de Privacidad de Sacesa consultores. Sociedades - Grupos - Periciales - Procedimiento. Cont\u00e1ctanos en la ciudad de Madrid.\" \/>\n<meta property=\"og:url\" content=\"https:\/\/sacesa.es\/en\/politica-de-privacidad\/\" \/>\n<meta property=\"og:site_name\" content=\"Sacesa\" \/>\n<meta property=\"article:modified_time\" content=\"2023-11-13T06:39:51+00:00\" \/>\n<meta name=\"twitter:card\" content=\"summary_large_image\" \/>\n<meta name=\"twitter:label1\" content=\"Estimated reading time\" \/>\n\t<meta name=\"twitter:data1\" content=\"3 minutes\" \/>\n<script type=\"application\/ld+json\" class=\"yoast-schema-graph\">{\"@context\":\"https:\\\/\\\/schema.org\",\"@graph\":[{\"@type\":\"WebPage\",\"@id\":\"https:\\\/\\\/sacesa.es\\\/politica-de-privacidad\\\/\",\"url\":\"https:\\\/\\\/sacesa.es\\\/politica-de-privacidad\\\/\",\"name\":\"POL\u00cdTICA DE PRIVACIDAD - Sacesa\",\"isPartOf\":{\"@id\":\"https:\\\/\\\/sacesa.es\\\/#website\"},\"datePublished\":\"2016-10-18T20:54:42+00:00\",\"dateModified\":\"2023-11-13T06:39:51+00:00\",\"description\":\"Pol\u00edtica de Privacidad de Sacesa consultores. Sociedades - Grupos - Periciales - Procedimiento. Cont\u00e1ctanos en la ciudad de Madrid.\",\"breadcrumb\":{\"@id\":\"https:\\\/\\\/sacesa.es\\\/politica-de-privacidad\\\/#breadcrumb\"},\"inLanguage\":\"en-GB\",\"potentialAction\":[{\"@type\":\"ReadAction\",\"target\":[\"https:\\\/\\\/sacesa.es\\\/politica-de-privacidad\\\/\"]}]},{\"@type\":\"BreadcrumbList\",\"@id\":\"https:\\\/\\\/sacesa.es\\\/politica-de-privacidad\\\/#breadcrumb\",\"itemListElement\":[{\"@type\":\"ListItem\",\"position\":1,\"name\":\"Portada\",\"item\":\"https:\\\/\\\/sacesa.es\\\/\"},{\"@type\":\"ListItem\",\"position\":2,\"name\":\"POL\u00cdTICA DE PRIVACIDAD\"}]},{\"@type\":\"WebSite\",\"@id\":\"https:\\\/\\\/sacesa.es\\\/#website\",\"url\":\"https:\\\/\\\/sacesa.es\\\/\",\"name\":\"Sacesa\",\"description\":\"Consolidaci\u00f3n fiscal\",\"publisher\":{\"@id\":\"https:\\\/\\\/sacesa.es\\\/#organization\"},\"potentialAction\":[{\"@type\":\"SearchAction\",\"target\":{\"@type\":\"EntryPoint\",\"urlTemplate\":\"https:\\\/\\\/sacesa.es\\\/?s={search_term_string}\"},\"query-input\":{\"@type\":\"PropertyValueSpecification\",\"valueRequired\":true,\"valueName\":\"search_term_string\"}}],\"inLanguage\":\"en-GB\"},{\"@type\":\"Organization\",\"@id\":\"https:\\\/\\\/sacesa.es\\\/#organization\",\"name\":\"Sacesa\",\"url\":\"https:\\\/\\\/sacesa.es\\\/\",\"logo\":{\"@type\":\"ImageObject\",\"inLanguage\":\"en-GB\",\"@id\":\"https:\\\/\\\/sacesa.es\\\/#\\\/schema\\\/logo\\\/image\\\/\",\"url\":\"https:\\\/\\\/sacesa.es\\\/wp-content\\\/uploads\\\/2016\\\/12\\\/cropped-logo-sacesa-rev4-1.png\",\"contentUrl\":\"https:\\\/\\\/sacesa.es\\\/wp-content\\\/uploads\\\/2016\\\/12\\\/cropped-logo-sacesa-rev4-1.png\",\"width\":468,\"height\":156,\"caption\":\"Sacesa\"},\"image\":{\"@id\":\"https:\\\/\\\/sacesa.es\\\/#\\\/schema\\\/logo\\\/image\\\/\"}}]}<\/script>\n<!-- \/ Yoast SEO plugin. -->","yoast_head_json":{"title":"PRIVACY POLICY - Sacesa","description":"Sacesa Consultants Privacy Policy. Companies - Groups - Expert Reports - Procedure. Contact us in Madrid.","robots":{"index":"noindex","follow":"nofollow"},"og_locale":"en_GB","og_type":"article","og_title":"POL\u00cdTICA DE PRIVACIDAD - Sacesa","og_description":"Pol\u00edtica de Privacidad de Sacesa consultores. Sociedades - Grupos - Periciales - Procedimiento. Cont\u00e1ctanos en la ciudad de Madrid.","og_url":"https:\/\/sacesa.es\/en\/politica-de-privacidad\/","og_site_name":"Sacesa","article_modified_time":"2023-11-13T06:39:51+00:00","twitter_card":"summary_large_image","twitter_misc":{"Estimated reading time":"3 minutes"},"schema":{"@context":"https:\/\/schema.org","@graph":[{"@type":"WebPage","@id":"https:\/\/sacesa.es\/politica-de-privacidad\/","url":"https:\/\/sacesa.es\/politica-de-privacidad\/","name":"PRIVACY POLICY - Sacesa","isPartOf":{"@id":"https:\/\/sacesa.es\/#website"},"datePublished":"2016-10-18T20:54:42+00:00","dateModified":"2023-11-13T06:39:51+00:00","description":"Sacesa Consultants Privacy Policy. Companies - Groups - Expert Reports - Procedure. Contact us in Madrid.","breadcrumb":{"@id":"https:\/\/sacesa.es\/politica-de-privacidad\/#breadcrumb"},"inLanguage":"en-GB","potentialAction":[{"@type":"ReadAction","target":["https:\/\/sacesa.es\/politica-de-privacidad\/"]}]},{"@type":"BreadcrumbList","@id":"https:\/\/sacesa.es\/politica-de-privacidad\/#breadcrumb","itemListElement":[{"@type":"ListItem","position":1,"name":"Portada","item":"https:\/\/sacesa.es\/"},{"@type":"ListItem","position":2,"name":"POL\u00cdTICA DE PRIVACIDAD"}]},{"@type":"WebSite","@id":"https:\/\/sacesa.es\/#website","url":"https:\/\/sacesa.es\/","name":"Sacesa","description":"Fiscal consolidation","publisher":{"@id":"https:\/\/sacesa.es\/#organization"},"potentialAction":[{"@type":"SearchAction","target":{"@type":"EntryPoint","urlTemplate":"https:\/\/sacesa.es\/?s={search_term_string}"},"query-input":{"@type":"PropertyValueSpecification","valueRequired":true,"valueName":"search_term_string"}}],"inLanguage":"en-GB"},{"@type":"Organization","@id":"https:\/\/sacesa.es\/#organization","name":"Sacesa","url":"https:\/\/sacesa.es\/","logo":{"@type":"ImageObject","inLanguage":"en-GB","@id":"https:\/\/sacesa.es\/#\/schema\/logo\/image\/","url":"https:\/\/sacesa.es\/wp-content\/uploads\/2016\/12\/cropped-logo-sacesa-rev4-1.png","contentUrl":"https:\/\/sacesa.es\/wp-content\/uploads\/2016\/12\/cropped-logo-sacesa-rev4-1.png","width":468,"height":156,"caption":"Sacesa"},"image":{"@id":"https:\/\/sacesa.es\/#\/schema\/logo\/image\/"}}]}},"_links":{"self":[{"href":"https:\/\/sacesa.es\/en\/wp-json\/wp\/v2\/pages\/58","targetHints":{"allow":["GET"]}}],"collection":[{"href":"https:\/\/sacesa.es\/en\/wp-json\/wp\/v2\/pages"}],"about":[{"href":"https:\/\/sacesa.es\/en\/wp-json\/wp\/v2\/types\/page"}],"author":[{"embeddable":true,"href":"https:\/\/sacesa.es\/en\/wp-json\/wp\/v2\/users\/1"}],"replies":[{"embeddable":true,"href":"https:\/\/sacesa.es\/en\/wp-json\/wp\/v2\/comments?post=58"}],"version-history":[{"count":0,"href":"https:\/\/sacesa.es\/en\/wp-json\/wp\/v2\/pages\/58\/revisions"}],"wp:attachment":[{"href":"https:\/\/sacesa.es\/en\/wp-json\/wp\/v2\/media?parent=58"}],"curies":[{"name":"wp","href":"https:\/\/api.w.org\/{rel}","templated":true}]}}