{"id":19,"date":"2016-10-18T15:15:08","date_gmt":"2016-10-18T15:15:08","guid":{"rendered":"http:\/\/sacesa.es\/?page_id=19"},"modified":"2023-12-27T10:16:45","modified_gmt":"2023-12-27T10:16:45","slug":"areas-especializacion","status":"publish","type":"page","link":"https:\/\/sacesa.es\/en\/areas-especializacion\/","title":{"rendered":"AREAS OF SPECIALIZATION"},"content":{"rendered":"<div data-elementor-type=\"wp-page\" data-elementor-id=\"19\" class=\"elementor elementor-19\" data-elementor-post-type=\"page\">\n\t\t\t\t<div class=\"elementor-element elementor-element-fefc836 e-con-full e-flex e-con e-parent\" data-id=\"fefc836\" data-element_type=\"container\" data-e-type=\"container\">\n\t\t<div class=\"elementor-element elementor-element-f2af408 e-con-full elementor-hidden-mobile e-flex e-con e-child\" data-id=\"f2af408\" data-element_type=\"container\" data-e-type=\"container\">\n\t\t\t\t<div class=\"elementor-element elementor-element-a5d6c35 elementor-align-end elementor-icon-list--layout-traditional elementor-list-item-link-full_width elementor-widget elementor-widget-icon-list\" data-id=\"a5d6c35\" data-element_type=\"widget\" data-e-type=\"widget\" data-widget_type=\"icon-list.default\">\n\t\t\t\t<div class=\"elementor-widget-container\">\n\t\t\t\t\t\t\t<ul class=\"elementor-icon-list-items\">\n\t\t\t\t\t\t\t<li class=\"elementor-icon-list-item\">\n\t\t\t\t\t\t\t\t\t\t\t<a href=\"https:\/\/sacesa.es\/en\/impuesto-sobre-sociedades\/\">\n\n\t\t\t\t\t\t\t\t\t\t\t<span class=\"elementor-icon-list-text\">CORPORATE TAX<\/span>\n\t\t\t\t\t\t\t\t\t\t\t<\/a>\n\t\t\t\t\t\t\t\t\t<\/li>\n\t\t\t\t\t\t<\/ul>\n\t\t\t\t\t\t<\/div>\n\t\t\t\t<\/div>\n\t\t\t\t<div class=\"elementor-element elementor-element-e42c5d3 elementor-align-end elementor-icon-list--layout-traditional elementor-list-item-link-full_width elementor-widget elementor-widget-icon-list\" data-id=\"e42c5d3\" data-element_type=\"widget\" data-e-type=\"widget\" data-widget_type=\"icon-list.default\">\n\t\t\t\t<div class=\"elementor-widget-container\">\n\t\t\t\t\t\t\t<ul class=\"elementor-icon-list-items\">\n\t\t\t\t\t\t\t<li class=\"elementor-icon-list-item\">\n\t\t\t\t\t\t\t\t\t\t\t<a href=\"https:\/\/sacesa.es\/en\/grupos-de-sociedades-operaciones-de-reestructuracion\/\">\n\n\t\t\t\t\t\t\t\t\t\t\t<span class=\"elementor-icon-list-text\">GROUPS OF COMPANIES <br> RESTRUCTURING OPERATIONS<\/span>\n\t\t\t\t\t\t\t\t\t\t\t<\/a>\n\t\t\t\t\t\t\t\t\t<\/li>\n\t\t\t\t\t\t<\/ul>\n\t\t\t\t\t\t<\/div>\n\t\t\t\t<\/div>\n\t\t\t\t<div class=\"elementor-element elementor-element-10ba6a4 elementor-align-end elementor-icon-list--layout-traditional elementor-list-item-link-full_width elementor-widget elementor-widget-icon-list\" data-id=\"10ba6a4\" data-element_type=\"widget\" data-e-type=\"widget\" data-widget_type=\"icon-list.default\">\n\t\t\t\t<div class=\"elementor-widget-container\">\n\t\t\t\t\t\t\t<ul class=\"elementor-icon-list-items\">\n\t\t\t\t\t\t\t<li class=\"elementor-icon-list-item\">\n\t\t\t\t\t\t\t\t\t\t\t<a href=\"https:\/\/sacesa.es\/en\/economia-forense\/\">\n\n\t\t\t\t\t\t\t\t\t\t\t<span class=\"elementor-icon-list-text\">FORENSIC ECONOMY<\/span>\n\t\t\t\t\t\t\t\t\t\t\t<\/a>\n\t\t\t\t\t\t\t\t\t<\/li>\n\t\t\t\t\t\t<\/ul>\n\t\t\t\t\t\t<\/div>\n\t\t\t\t<\/div>\n\t\t\t\t<div class=\"elementor-element elementor-element-b2a6aa7 elementor-align-end elementor-icon-list--layout-traditional elementor-list-item-link-full_width elementor-widget elementor-widget-icon-list\" data-id=\"b2a6aa7\" data-element_type=\"widget\" data-e-type=\"widget\" data-widget_type=\"icon-list.default\">\n\t\t\t\t<div class=\"elementor-widget-container\">\n\t\t\t\t\t\t\t<ul class=\"elementor-icon-list-items\">\n\t\t\t\t\t\t\t<li class=\"elementor-icon-list-item\">\n\t\t\t\t\t\t\t\t\t\t\t<a href=\"https:\/\/sacesa.es\/en\/prodedimiento-tributario\/\">\n\n\t\t\t\t\t\t\t\t\t\t\t<span class=\"elementor-icon-list-text\">TAX PROCEDURE<\/span>\n\t\t\t\t\t\t\t\t\t\t\t<\/a>\n\t\t\t\t\t\t\t\t\t<\/li>\n\t\t\t\t\t\t<\/ul>\n\t\t\t\t\t\t<\/div>\n\t\t\t\t<\/div>\n\t\t\t\t<\/div>\n\t\t<div class=\"elementor-element elementor-element-b66bc7c e-con-full e-flex e-con e-child\" data-id=\"b66bc7c\" data-element_type=\"container\" data-e-type=\"container\">\n\t\t\t\t<div class=\"elementor-element elementor-element-6eff57e elementor-widget elementor-widget-heading\" data-id=\"6eff57e\" data-element_type=\"widget\" data-e-type=\"widget\" data-widget_type=\"heading.default\">\n\t\t\t\t<div class=\"elementor-widget-container\">\n\t\t\t\t\t<h3 class=\"elementor-heading-title elementor-size-default\">BUSINESS CONSULTING<\/h3>\t\t\t\t<\/div>\n\t\t\t\t<\/div>\n\t\t<div class=\"elementor-element elementor-element-0dcbe3c e-flex e-con-boxed e-con e-child\" data-id=\"0dcbe3c\" data-element_type=\"container\" data-e-type=\"container\">\n\t\t\t\t\t<div class=\"e-con-inner\">\n\t\t<div class=\"elementor-element elementor-element-1c6b718 e-con-full e-flex e-con e-child\" data-id=\"1c6b718\" data-element_type=\"container\" data-e-type=\"container\" data-settings=\"{&quot;background_background&quot;:&quot;classic&quot;}\">\n\t\t\t\t<div class=\"elementor-element elementor-element-2e54167 elementor-widget elementor-widget-image\" data-id=\"2e54167\" data-element_type=\"widget\" data-e-type=\"widget\" data-widget_type=\"image.default\">\n\t\t\t\t<div class=\"elementor-widget-container\">\n\t\t\t\t\t\t\t\t\t\t\t\t\t\t\t\t<a href=\"https:\/\/sacesa.es\/en\/impuesto-sobre-sociedades\/\">\n\t\t\t\t\t\t\t<img decoding=\"async\" width=\"200\" height=\"200\" src=\"https:\/\/sacesa.es\/wp-content\/uploads\/2016\/10\/Impuesto-sobre-sociedades.png\" class=\"attachment-large size-large wp-image-159\" alt=\"\u00c1reas de especializaci\u00f3n: Impuesto sobre sociedades\" srcset=\"https:\/\/sacesa.es\/wp-content\/uploads\/2016\/10\/Impuesto-sobre-sociedades.png 200w, https:\/\/sacesa.es\/wp-content\/uploads\/2016\/10\/Impuesto-sobre-sociedades-150x150.png 150w\" sizes=\"(max-width: 200px) 100vw, 200px\" \/>\t\t\t\t\t\t\t\t<\/a>\n\t\t\t\t\t\t\t\t\t\t\t\t\t\t\t<\/div>\n\t\t\t\t<\/div>\n\t\t\t\t<div class=\"elementor-element elementor-element-526d0ec elementor-widget elementor-widget-heading\" data-id=\"526d0ec\" data-element_type=\"widget\" data-e-type=\"widget\" data-widget_type=\"heading.default\">\n\t\t\t\t<div class=\"elementor-widget-container\">\n\t\t\t\t\t<h6 class=\"elementor-heading-title elementor-size-default\">Corporate tax<\/h6>\t\t\t\t<\/div>\n\t\t\t\t<\/div>\n\t\t\t\t<\/div>\n\t\t<div class=\"elementor-element elementor-element-4778d67 e-con-full e-flex e-con e-child\" data-id=\"4778d67\" data-element_type=\"container\" data-e-type=\"container\" data-settings=\"{&quot;background_background&quot;:&quot;classic&quot;}\">\n\t\t\t\t<div class=\"elementor-element elementor-element-b62c834 elementor-widget elementor-widget-image\" data-id=\"b62c834\" data-element_type=\"widget\" data-e-type=\"widget\" data-widget_type=\"image.default\">\n\t\t\t\t<div class=\"elementor-widget-container\">\n\t\t\t\t\t\t\t\t\t\t\t\t\t\t\t\t<a href=\"https:\/\/sacesa.es\/en\/grupos-de-sociedades-operaciones-de-reestructuracion\/\">\n\t\t\t\t\t\t\t<img decoding=\"async\" width=\"200\" height=\"200\" src=\"https:\/\/sacesa.es\/wp-content\/uploads\/2016\/10\/reestructuracion-de-sociedades.png\" class=\"attachment-large size-large wp-image-157\" alt=\"\u00c1reas de especializaci\u00f3n: Grupos de sociedades\" srcset=\"https:\/\/sacesa.es\/wp-content\/uploads\/2016\/10\/reestructuracion-de-sociedades.png 200w, https:\/\/sacesa.es\/wp-content\/uploads\/2016\/10\/reestructuracion-de-sociedades-150x150.png 150w\" sizes=\"(max-width: 200px) 100vw, 200px\" \/>\t\t\t\t\t\t\t\t<\/a>\n\t\t\t\t\t\t\t\t\t\t\t\t\t\t\t<\/div>\n\t\t\t\t<\/div>\n\t\t\t\t<div class=\"elementor-element elementor-element-264031a elementor-widget elementor-widget-heading\" data-id=\"264031a\" data-element_type=\"widget\" data-e-type=\"widget\" data-widget_type=\"heading.default\">\n\t\t\t\t<div class=\"elementor-widget-container\">\n\t\t\t\t\t<h6 class=\"elementor-heading-title elementor-size-default\">Groups of companies Restructuring operations<\/h6>\t\t\t\t<\/div>\n\t\t\t\t<\/div>\n\t\t\t\t<\/div>\n\t\t<div class=\"elementor-element elementor-element-aeb9047 e-con-full e-flex e-con e-child\" data-id=\"aeb9047\" data-element_type=\"container\" data-e-type=\"container\" data-settings=\"{&quot;background_background&quot;:&quot;classic&quot;}\">\n\t\t\t\t<div class=\"elementor-element elementor-element-c66dd29 elementor-widget elementor-widget-image\" data-id=\"c66dd29\" data-element_type=\"widget\" data-e-type=\"widget\" data-widget_type=\"image.default\">\n\t\t\t\t<div class=\"elementor-widget-container\">\n\t\t\t\t\t\t\t\t\t\t\t\t\t\t\t\t<a href=\"https:\/\/sacesa.es\/en\/economia-forense\/\">\n\t\t\t\t\t\t\t<img decoding=\"async\" width=\"200\" height=\"200\" src=\"https:\/\/sacesa.es\/wp-content\/uploads\/2016\/10\/Economia-forense.png\" class=\"attachment-large size-large wp-image-158\" alt=\"\u00c1reas de especializaci\u00f3n: Econom\u00eda forense\" srcset=\"https:\/\/sacesa.es\/wp-content\/uploads\/2016\/10\/Economia-forense.png 200w, https:\/\/sacesa.es\/wp-content\/uploads\/2016\/10\/Economia-forense-150x150.png 150w\" sizes=\"(max-width: 200px) 100vw, 200px\" \/>\t\t\t\t\t\t\t\t<\/a>\n\t\t\t\t\t\t\t\t\t\t\t\t\t\t\t<\/div>\n\t\t\t\t<\/div>\n\t\t\t\t<div class=\"elementor-element elementor-element-a8706b8 elementor-widget elementor-widget-heading\" data-id=\"a8706b8\" data-element_type=\"widget\" data-e-type=\"widget\" data-widget_type=\"heading.default\">\n\t\t\t\t<div class=\"elementor-widget-container\">\n\t\t\t\t\t<h6 class=\"elementor-heading-title elementor-size-default\">forensic economics<\/h6>\t\t\t\t<\/div>\n\t\t\t\t<\/div>\n\t\t\t\t<\/div>\n\t\t<div class=\"elementor-element elementor-element-ccf0274 e-con-full e-flex e-con e-child\" data-id=\"ccf0274\" data-element_type=\"container\" data-e-type=\"container\" data-settings=\"{&quot;background_background&quot;:&quot;classic&quot;}\">\n\t\t\t\t<div class=\"elementor-element elementor-element-9a97f7f elementor-widget elementor-widget-image\" data-id=\"9a97f7f\" data-element_type=\"widget\" data-e-type=\"widget\" data-widget_type=\"image.default\">\n\t\t\t\t<div class=\"elementor-widget-container\">\n\t\t\t\t\t\t\t\t\t\t\t\t\t\t\t\t<a href=\"https:\/\/sacesa.es\/en\/prodedimiento-tributario\/\">\n\t\t\t\t\t\t\t<img loading=\"lazy\" decoding=\"async\" width=\"200\" height=\"200\" src=\"https:\/\/sacesa.es\/wp-content\/uploads\/2016\/10\/Procedimiento-tributario.png\" class=\"attachment-large size-large wp-image-156\" alt=\"\u00c1reas de especializaci\u00f3n: Procedimiento tributario\" srcset=\"https:\/\/sacesa.es\/wp-content\/uploads\/2016\/10\/Procedimiento-tributario.png 200w, https:\/\/sacesa.es\/wp-content\/uploads\/2016\/10\/Procedimiento-tributario-150x150.png 150w\" sizes=\"(max-width: 200px) 100vw, 200px\" \/>\t\t\t\t\t\t\t\t<\/a>\n\t\t\t\t\t\t\t\t\t\t\t\t\t\t\t<\/div>\n\t\t\t\t<\/div>\n\t\t\t\t<div class=\"elementor-element elementor-element-71114e4 elementor-widget elementor-widget-heading\" data-id=\"71114e4\" data-element_type=\"widget\" data-e-type=\"widget\" data-widget_type=\"heading.default\">\n\t\t\t\t<div class=\"elementor-widget-container\">\n\t\t\t\t\t<h6 class=\"elementor-heading-title elementor-size-default\">Tax procedure<\/h6>\t\t\t\t<\/div>\n\t\t\t\t<\/div>\n\t\t\t\t<\/div>\n\t\t\t\t\t<\/div>\n\t\t\t\t<\/div>\n\t\t\t\t<\/div>\n\t\t\t\t<\/div>\n\t\t\t\t<\/div>","protected":false},"excerpt":{"rendered":"<p>CORPORATION TAX GROUPS OF COMPANIES RESTRUCTURING OPERATIONS FORENSIC ECONOMICS TAX PROCEDURE BUSINESS CONSULTING Corporate tax Groups of companies Restructuring operations Forensic economics Tax procedure<\/p>","protected":false},"author":1,"featured_media":0,"parent":0,"menu_order":0,"comment_status":"closed","ping_status":"closed","template":"","meta":{"site-sidebar-layout":"default","site-content-layout":"","ast-site-content-layout":"default","site-content-style":"default","site-sidebar-style":"default","ast-global-header-display":"","ast-banner-title-visibility":"","ast-main-header-display":"","ast-hfb-above-header-display":"","ast-hfb-below-header-display":"","ast-hfb-mobile-header-display":"","site-post-title":"","ast-breadcrumbs-content":"","ast-featured-img":"","footer-sml-layout":"","ast-disable-related-posts":"","theme-transparent-header-meta":"","adv-header-id-meta":"","stick-header-meta":"","header-above-stick-meta":"","header-main-stick-meta":"","header-below-stick-meta":"","astra-migrate-meta-layouts":"default","ast-page-background-enabled":"default","ast-page-background-meta":{"desktop":{"background-color":"var(--ast-global-color-4)","background-image":"","background-repeat":"repeat","background-position":"center center","background-size":"auto","background-attachment":"scroll","background-type":"","background-media":"","overlay-type":"","overlay-color":"","overlay-opacity":"","overlay-gradient":""},"tablet":{"background-color":"","background-image":"","background-repeat":"repeat","background-position":"center center","background-size":"auto","background-attachment":"scroll","background-type":"","background-media":"","overlay-type":"","overlay-color":"","overlay-opacity":"","overlay-gradient":""},"mobile":{"background-color":"","background-image":"","background-repeat":"repeat","background-position":"center center","background-size":"auto","background-attachment":"scroll","background-type":"","background-media":"","overlay-type":"","overlay-color":"","overlay-opacity":"","overlay-gradient":""}},"ast-content-background-meta":{"desktop":{"background-color":"var(--ast-global-color-5)","background-image":"","background-repeat":"repeat","background-position":"center center","background-size":"auto","background-attachment":"scroll","background-type":"","background-media":"","overlay-type":"","overlay-color":"","overlay-opacity":"","overlay-gradient":""},"tablet":{"background-color":"var(--ast-global-color-5)","background-image":"","background-repeat":"repeat","background-position":"center center","background-size":"auto","background-attachment":"scroll","background-type":"","background-media":"","overlay-type":"","overlay-color":"","overlay-opacity":"","overlay-gradient":""},"mobile":{"background-color":"var(--ast-global-color-5)","background-image":"","background-repeat":"repeat","background-position":"center center","background-size":"auto","background-attachment":"scroll","background-type":"","background-media":"","overlay-type":"","overlay-color":"","overlay-opacity":"","overlay-gradient":""}},"footnotes":""},"class_list":["post-19","page","type-page","status-publish","hentry"],"yoast_head":"<!-- This site is optimized with the Yoast SEO plugin v27.4 - https:\/\/yoast.com\/product\/yoast-seo-wordpress\/ -->\n<title>\u00c1REAS ESPECIALIZACI\u00d3N - Sacesa<\/title>\n<meta name=\"description\" content=\"\u00c1reas de especializaci\u00f3n Sacesa consultores. Sociedades - Grupos - Periciales - Procedimiento en Madrid. Cont\u00e1ctanos\" \/>\n<meta name=\"robots\" content=\"index, follow, max-snippet:-1, max-image-preview:large, max-video-preview:-1\" \/>\n<link rel=\"canonical\" href=\"https:\/\/sacesa.es\/en\/areas-especializacion\/\" \/>\n<meta property=\"og:locale\" content=\"en_GB\" \/>\n<meta property=\"og:type\" content=\"article\" \/>\n<meta property=\"og:title\" content=\"\u00c1REAS ESPECIALIZACI\u00d3N - Sacesa\" \/>\n<meta property=\"og:description\" content=\"\u00c1reas de especializaci\u00f3n Sacesa consultores. Sociedades - Grupos - Periciales - Procedimiento en Madrid. Cont\u00e1ctanos\" \/>\n<meta property=\"og:url\" content=\"https:\/\/sacesa.es\/en\/areas-especializacion\/\" \/>\n<meta property=\"og:site_name\" content=\"Sacesa\" \/>\n<meta property=\"article:modified_time\" content=\"2023-12-27T10:16:45+00:00\" \/>\n<meta property=\"og:image\" content=\"https:\/\/www.sacesa.es\/wp-content\/uploads\/2016\/10\/Impuesto-sobre-sociedades.png\" \/>\n<meta name=\"twitter:card\" content=\"summary_large_image\" \/>\n<meta name=\"twitter:label1\" content=\"Estimated reading time\" \/>\n\t<meta name=\"twitter:data1\" content=\"1 minute\" \/>\n<script type=\"application\/ld+json\" class=\"yoast-schema-graph\">{\"@context\":\"https:\\\/\\\/schema.org\",\"@graph\":[{\"@type\":\"WebPage\",\"@id\":\"https:\\\/\\\/sacesa.es\\\/areas-especializacion\\\/\",\"url\":\"https:\\\/\\\/sacesa.es\\\/areas-especializacion\\\/\",\"name\":\"\u00c1REAS ESPECIALIZACI\u00d3N - Sacesa\",\"isPartOf\":{\"@id\":\"https:\\\/\\\/sacesa.es\\\/#website\"},\"primaryImageOfPage\":{\"@id\":\"https:\\\/\\\/sacesa.es\\\/areas-especializacion\\\/#primaryimage\"},\"image\":{\"@id\":\"https:\\\/\\\/sacesa.es\\\/areas-especializacion\\\/#primaryimage\"},\"thumbnailUrl\":\"https:\\\/\\\/www.sacesa.es\\\/wp-content\\\/uploads\\\/2016\\\/10\\\/Impuesto-sobre-sociedades.png\",\"datePublished\":\"2016-10-18T15:15:08+00:00\",\"dateModified\":\"2023-12-27T10:16:45+00:00\",\"description\":\"\u00c1reas de especializaci\u00f3n Sacesa consultores. Sociedades - Grupos - Periciales - Procedimiento en Madrid. Cont\u00e1ctanos\",\"breadcrumb\":{\"@id\":\"https:\\\/\\\/sacesa.es\\\/areas-especializacion\\\/#breadcrumb\"},\"inLanguage\":\"en-GB\",\"potentialAction\":[{\"@type\":\"ReadAction\",\"target\":[\"https:\\\/\\\/sacesa.es\\\/areas-especializacion\\\/\"]}]},{\"@type\":\"ImageObject\",\"inLanguage\":\"en-GB\",\"@id\":\"https:\\\/\\\/sacesa.es\\\/areas-especializacion\\\/#primaryimage\",\"url\":\"https:\\\/\\\/www.sacesa.es\\\/wp-content\\\/uploads\\\/2016\\\/10\\\/Impuesto-sobre-sociedades.png\",\"contentUrl\":\"https:\\\/\\\/www.sacesa.es\\\/wp-content\\\/uploads\\\/2016\\\/10\\\/Impuesto-sobre-sociedades.png\"},{\"@type\":\"BreadcrumbList\",\"@id\":\"https:\\\/\\\/sacesa.es\\\/areas-especializacion\\\/#breadcrumb\",\"itemListElement\":[{\"@type\":\"ListItem\",\"position\":1,\"name\":\"Portada\",\"item\":\"https:\\\/\\\/sacesa.es\\\/\"},{\"@type\":\"ListItem\",\"position\":2,\"name\":\"\u00c1REAS ESPECIALIZACI\u00d3N\"}]},{\"@type\":\"WebSite\",\"@id\":\"https:\\\/\\\/sacesa.es\\\/#website\",\"url\":\"https:\\\/\\\/sacesa.es\\\/\",\"name\":\"Sacesa\",\"description\":\"Consolidaci\u00f3n fiscal\",\"publisher\":{\"@id\":\"https:\\\/\\\/sacesa.es\\\/#organization\"},\"potentialAction\":[{\"@type\":\"SearchAction\",\"target\":{\"@type\":\"EntryPoint\",\"urlTemplate\":\"https:\\\/\\\/sacesa.es\\\/?s={search_term_string}\"},\"query-input\":{\"@type\":\"PropertyValueSpecification\",\"valueRequired\":true,\"valueName\":\"search_term_string\"}}],\"inLanguage\":\"en-GB\"},{\"@type\":\"Organization\",\"@id\":\"https:\\\/\\\/sacesa.es\\\/#organization\",\"name\":\"Sacesa\",\"url\":\"https:\\\/\\\/sacesa.es\\\/\",\"logo\":{\"@type\":\"ImageObject\",\"inLanguage\":\"en-GB\",\"@id\":\"https:\\\/\\\/sacesa.es\\\/#\\\/schema\\\/logo\\\/image\\\/\",\"url\":\"https:\\\/\\\/sacesa.es\\\/wp-content\\\/uploads\\\/2016\\\/12\\\/cropped-logo-sacesa-rev4-1.png\",\"contentUrl\":\"https:\\\/\\\/sacesa.es\\\/wp-content\\\/uploads\\\/2016\\\/12\\\/cropped-logo-sacesa-rev4-1.png\",\"width\":468,\"height\":156,\"caption\":\"Sacesa\"},\"image\":{\"@id\":\"https:\\\/\\\/sacesa.es\\\/#\\\/schema\\\/logo\\\/image\\\/\"}}]}<\/script>\n<!-- \/ Yoast SEO plugin. -->","yoast_head_json":{"title":"AREAS OF SPECIALIZATION - Sacesa","description":"Sacesa Consultants&#039; Areas of Expertise: Companies - Groups - Expert Reports - Procedures in Madrid. Contact Us","robots":{"index":"index","follow":"follow","max-snippet":"max-snippet:-1","max-image-preview":"max-image-preview:large","max-video-preview":"max-video-preview:-1"},"canonical":"https:\/\/sacesa.es\/en\/areas-especializacion\/","og_locale":"en_GB","og_type":"article","og_title":"\u00c1REAS ESPECIALIZACI\u00d3N - Sacesa","og_description":"\u00c1reas de especializaci\u00f3n Sacesa consultores. Sociedades - Grupos - Periciales - Procedimiento en Madrid. Cont\u00e1ctanos","og_url":"https:\/\/sacesa.es\/en\/areas-especializacion\/","og_site_name":"Sacesa","article_modified_time":"2023-12-27T10:16:45+00:00","og_image":[{"url":"https:\/\/www.sacesa.es\/wp-content\/uploads\/2016\/10\/Impuesto-sobre-sociedades.png","type":"","width":"","height":""}],"twitter_card":"summary_large_image","twitter_misc":{"Estimated reading time":"1 minute"},"schema":{"@context":"https:\/\/schema.org","@graph":[{"@type":"WebPage","@id":"https:\/\/sacesa.es\/areas-especializacion\/","url":"https:\/\/sacesa.es\/areas-especializacion\/","name":"AREAS OF SPECIALIZATION - Sacesa","isPartOf":{"@id":"https:\/\/sacesa.es\/#website"},"primaryImageOfPage":{"@id":"https:\/\/sacesa.es\/areas-especializacion\/#primaryimage"},"image":{"@id":"https:\/\/sacesa.es\/areas-especializacion\/#primaryimage"},"thumbnailUrl":"https:\/\/www.sacesa.es\/wp-content\/uploads\/2016\/10\/Impuesto-sobre-sociedades.png","datePublished":"2016-10-18T15:15:08+00:00","dateModified":"2023-12-27T10:16:45+00:00","description":"Sacesa Consultants&#039; Areas of Expertise: Companies - Groups - Expert Reports - Procedures in Madrid. Contact Us","breadcrumb":{"@id":"https:\/\/sacesa.es\/areas-especializacion\/#breadcrumb"},"inLanguage":"en-GB","potentialAction":[{"@type":"ReadAction","target":["https:\/\/sacesa.es\/areas-especializacion\/"]}]},{"@type":"ImageObject","inLanguage":"en-GB","@id":"https:\/\/sacesa.es\/areas-especializacion\/#primaryimage","url":"https:\/\/www.sacesa.es\/wp-content\/uploads\/2016\/10\/Impuesto-sobre-sociedades.png","contentUrl":"https:\/\/www.sacesa.es\/wp-content\/uploads\/2016\/10\/Impuesto-sobre-sociedades.png"},{"@type":"BreadcrumbList","@id":"https:\/\/sacesa.es\/areas-especializacion\/#breadcrumb","itemListElement":[{"@type":"ListItem","position":1,"name":"Portada","item":"https:\/\/sacesa.es\/"},{"@type":"ListItem","position":2,"name":"\u00c1REAS ESPECIALIZACI\u00d3N"}]},{"@type":"WebSite","@id":"https:\/\/sacesa.es\/#website","url":"https:\/\/sacesa.es\/","name":"Sacesa","description":"Fiscal consolidation","publisher":{"@id":"https:\/\/sacesa.es\/#organization"},"potentialAction":[{"@type":"SearchAction","target":{"@type":"EntryPoint","urlTemplate":"https:\/\/sacesa.es\/?s={search_term_string}"},"query-input":{"@type":"PropertyValueSpecification","valueRequired":true,"valueName":"search_term_string"}}],"inLanguage":"en-GB"},{"@type":"Organization","@id":"https:\/\/sacesa.es\/#organization","name":"Sacesa","url":"https:\/\/sacesa.es\/","logo":{"@type":"ImageObject","inLanguage":"en-GB","@id":"https:\/\/sacesa.es\/#\/schema\/logo\/image\/","url":"https:\/\/sacesa.es\/wp-content\/uploads\/2016\/12\/cropped-logo-sacesa-rev4-1.png","contentUrl":"https:\/\/sacesa.es\/wp-content\/uploads\/2016\/12\/cropped-logo-sacesa-rev4-1.png","width":468,"height":156,"caption":"Sacesa"},"image":{"@id":"https:\/\/sacesa.es\/#\/schema\/logo\/image\/"}}]}},"_links":{"self":[{"href":"https:\/\/sacesa.es\/en\/wp-json\/wp\/v2\/pages\/19","targetHints":{"allow":["GET"]}}],"collection":[{"href":"https:\/\/sacesa.es\/en\/wp-json\/wp\/v2\/pages"}],"about":[{"href":"https:\/\/sacesa.es\/en\/wp-json\/wp\/v2\/types\/page"}],"author":[{"embeddable":true,"href":"https:\/\/sacesa.es\/en\/wp-json\/wp\/v2\/users\/1"}],"replies":[{"embeddable":true,"href":"https:\/\/sacesa.es\/en\/wp-json\/wp\/v2\/comments?post=19"}],"version-history":[{"count":0,"href":"https:\/\/sacesa.es\/en\/wp-json\/wp\/v2\/pages\/19\/revisions"}],"wp:attachment":[{"href":"https:\/\/sacesa.es\/en\/wp-json\/wp\/v2\/media?parent=19"}],"curies":[{"name":"wp","href":"https:\/\/api.w.org\/{rel}","templated":true}]}}