{"id":17,"date":"2016-10-18T15:06:17","date_gmt":"2016-10-18T15:06:17","guid":{"rendered":"http:\/\/sacesa.es\/?page_id=17"},"modified":"2023-12-27T10:18:06","modified_gmt":"2023-12-27T10:18:06","slug":"quienes-somos","status":"publish","type":"page","link":"https:\/\/sacesa.es\/en\/quienes-somos\/","title":{"rendered":"ABOUT US"},"content":{"rendered":"<div data-elementor-type=\"wp-page\" data-elementor-id=\"17\" class=\"elementor elementor-17\" data-elementor-post-type=\"page\">\n\t\t\t\t<div class=\"elementor-element elementor-element-70d1253 e-con-full e-flex e-con e-parent\" data-id=\"70d1253\" data-element_type=\"container\" data-e-type=\"container\">\n\t\t\t\t<div class=\"elementor-element elementor-element-621d4f9 elementor-widget elementor-widget-heading\" data-id=\"621d4f9\" data-element_type=\"widget\" data-e-type=\"widget\" data-widget_type=\"heading.default\">\n\t\t\t\t<div class=\"elementor-widget-container\">\n\t\t\t\t\t<h3 class=\"elementor-heading-title elementor-size-default\">SACESA CONSULTANTS<\/h3>\t\t\t\t<\/div>\n\t\t\t\t<\/div>\n\t\t\t\t<\/div>\n\t\t<div class=\"elementor-element elementor-element-603a377 e-con-full e-flex e-con e-parent\" data-id=\"603a377\" data-element_type=\"container\" data-e-type=\"container\">\n\t\t<div class=\"elementor-element elementor-element-f50b3fd e-con-full e-flex e-con e-child\" data-id=\"f50b3fd\" data-element_type=\"container\" data-e-type=\"container\">\n\t\t\t\t<div class=\"elementor-element elementor-element-237abe1 elementor-widget elementor-widget-text-editor\" data-id=\"237abe1\" data-element_type=\"widget\" data-e-type=\"widget\" data-widget_type=\"text-editor.default\">\n\t\t\t\t<div class=\"elementor-widget-container\">\n\t\t\t\t\t\t\t\t\t<p>Sacesa Consultores brings together a group of professionals who, for 30 years, have been developing their activity in the fields of taxation, accounting and law that affect companies and their groups.<\/p><p>We also deal with certain aspects of forensic economics and its usefulness for companies, such as expert evidence and bankruptcy proceedings, offering effective solutions both in the prevention and in the monitoring and control of situations with financial difficulties.<\/p><p>On the other hand, we have extensive experience in tax procedures. One of our specialties is the filing of appeals and claims in those cases in which there are other options than those adopted by the Administration and that offer some additional advantage for the taxpayer.<\/p>\t\t\t\t\t\t\t\t<\/div>\n\t\t\t\t<\/div>\n\t\t\t\t<\/div>\n\t\t<div class=\"elementor-element elementor-element-2330516 e-con-full e-flex e-con e-child\" data-id=\"2330516\" data-element_type=\"container\" data-e-type=\"container\">\n\t\t\t\t<div class=\"elementor-element elementor-element-c6543fa elementor-widget elementor-widget-image\" data-id=\"c6543fa\" data-element_type=\"widget\" data-e-type=\"widget\" data-widget_type=\"image.default\">\n\t\t\t\t<div class=\"elementor-widget-container\">\n\t\t\t\t\t\t\t\t\t\t\t\t\t\t\t<img fetchpriority=\"high\" decoding=\"async\" width=\"1200\" height=\"674\" src=\"https:\/\/sacesa.es\/wp-content\/uploads\/2016\/10\/SACESA-CONSULTORES.jpg\" class=\"attachment-full size-full wp-image-199\" alt=\"\" srcset=\"https:\/\/sacesa.es\/wp-content\/uploads\/2016\/10\/SACESA-CONSULTORES.jpg 1200w, https:\/\/sacesa.es\/wp-content\/uploads\/2016\/10\/SACESA-CONSULTORES-300x169.jpg 300w, https:\/\/sacesa.es\/wp-content\/uploads\/2016\/10\/SACESA-CONSULTORES-1024x575.jpg 1024w, https:\/\/sacesa.es\/wp-content\/uploads\/2016\/10\/SACESA-CONSULTORES-768x431.jpg 768w, https:\/\/sacesa.es\/wp-content\/uploads\/2016\/10\/SACESA-CONSULTORES-800x450.jpg 800w\" sizes=\"(max-width: 1200px) 100vw, 1200px\" \/>\t\t\t\t\t\t\t\t\t\t\t\t\t\t\t<\/div>\n\t\t\t\t<\/div>\n\t\t\t\t<\/div>\n\t\t\t\t<\/div>\n\t\t\t\t<\/div>","protected":false},"excerpt":{"rendered":"<p>SACESA CONSULTORES Sacesa Consultores re\u00fane a un grupo de profesionales que, desde hace 30 a\u00f1os, viene desarrollando su actividad en los campos de la fiscalidad, la contabilidad y el derecho que afectan a las sociedades y sus grupos. Tambi\u00e9n nos ocupamos de determinadas aspectos de la econom\u00eda forense y su utilidad para las empresas como [&hellip;]<\/p>\n","protected":false},"author":1,"featured_media":0,"parent":0,"menu_order":0,"comment_status":"closed","ping_status":"closed","template":"","meta":{"site-sidebar-layout":"default","site-content-layout":"","ast-site-content-layout":"default","site-content-style":"default","site-sidebar-style":"default","ast-global-header-display":"","ast-banner-title-visibility":"","ast-main-header-display":"","ast-hfb-above-header-display":"","ast-hfb-below-header-display":"","ast-hfb-mobile-header-display":"","site-post-title":"","ast-breadcrumbs-content":"","ast-featured-img":"","footer-sml-layout":"","ast-disable-related-posts":"","theme-transparent-header-meta":"","adv-header-id-meta":"","stick-header-meta":"","header-above-stick-meta":"","header-main-stick-meta":"","header-below-stick-meta":"","astra-migrate-meta-layouts":"default","ast-page-background-enabled":"default","ast-page-background-meta":{"desktop":{"background-color":"var(--ast-global-color-4)","background-image":"","background-repeat":"repeat","background-position":"center center","background-size":"auto","background-attachment":"scroll","background-type":"","background-media":"","overlay-type":"","overlay-color":"","overlay-opacity":"","overlay-gradient":""},"tablet":{"background-color":"","background-image":"","background-repeat":"repeat","background-position":"center center","background-size":"auto","background-attachment":"scroll","background-type":"","background-media":"","overlay-type":"","overlay-color":"","overlay-opacity":"","overlay-gradient":""},"mobile":{"background-color":"","background-image":"","background-repeat":"repeat","background-position":"center center","background-size":"auto","background-attachment":"scroll","background-type":"","background-media":"","overlay-type":"","overlay-color":"","overlay-opacity":"","overlay-gradient":""}},"ast-content-background-meta":{"desktop":{"background-color":"var(--ast-global-color-5)","background-image":"","background-repeat":"repeat","background-position":"center center","background-size":"auto","background-attachment":"scroll","background-type":"","background-media":"","overlay-type":"","overlay-color":"","overlay-opacity":"","overlay-gradient":""},"tablet":{"background-color":"var(--ast-global-color-5)","background-image":"","background-repeat":"repeat","background-position":"center center","background-size":"auto","background-attachment":"scroll","background-type":"","background-media":"","overlay-type":"","overlay-color":"","overlay-opacity":"","overlay-gradient":""},"mobile":{"background-color":"var(--ast-global-color-5)","background-image":"","background-repeat":"repeat","background-position":"center center","background-size":"auto","background-attachment":"scroll","background-type":"","background-media":"","overlay-type":"","overlay-color":"","overlay-opacity":"","overlay-gradient":""}},"footnotes":""},"class_list":["post-17","page","type-page","status-publish","hentry"],"yoast_head":"<!-- This site is optimized with the Yoast SEO plugin v27.4 - https:\/\/yoast.com\/product\/yoast-seo-wordpress\/ -->\n<title>QUI\u00c9NES SOMOS - Sacesa<\/title>\n<meta name=\"description\" content=\"Somos asesor\u00eda especializada en empresas, impuesto sobre sociedades, grupos de sociedades, procedimiento tributario y econom\u00eda forense.\" \/>\n<meta name=\"robots\" content=\"index, follow, max-snippet:-1, max-image-preview:large, max-video-preview:-1\" \/>\n<link rel=\"canonical\" href=\"https:\/\/sacesa.es\/en\/quienes-somos\/\" \/>\n<meta property=\"og:locale\" content=\"en_GB\" \/>\n<meta property=\"og:type\" content=\"article\" \/>\n<meta property=\"og:title\" content=\"QUI\u00c9NES SOMOS - Sacesa\" \/>\n<meta property=\"og:description\" content=\"Somos asesor\u00eda especializada en empresas, impuesto sobre sociedades, grupos de sociedades, procedimiento tributario y econom\u00eda forense.\" \/>\n<meta property=\"og:url\" content=\"https:\/\/sacesa.es\/en\/quienes-somos\/\" \/>\n<meta property=\"og:site_name\" content=\"Sacesa\" \/>\n<meta property=\"article:modified_time\" content=\"2023-12-27T10:18:06+00:00\" \/>\n<meta property=\"og:image\" content=\"https:\/\/www.sacesa.es\/wp-content\/uploads\/2016\/10\/SACESA-CONSULTORES.jpg\" \/>\n<meta name=\"twitter:card\" content=\"summary_large_image\" \/>\n<script type=\"application\/ld+json\" class=\"yoast-schema-graph\">{\"@context\":\"https:\\\/\\\/schema.org\",\"@graph\":[{\"@type\":\"WebPage\",\"@id\":\"https:\\\/\\\/sacesa.es\\\/quienes-somos\\\/\",\"url\":\"https:\\\/\\\/sacesa.es\\\/quienes-somos\\\/\",\"name\":\"QUI\u00c9NES SOMOS - Sacesa\",\"isPartOf\":{\"@id\":\"https:\\\/\\\/sacesa.es\\\/#website\"},\"primaryImageOfPage\":{\"@id\":\"https:\\\/\\\/sacesa.es\\\/quienes-somos\\\/#primaryimage\"},\"image\":{\"@id\":\"https:\\\/\\\/sacesa.es\\\/quienes-somos\\\/#primaryimage\"},\"thumbnailUrl\":\"https:\\\/\\\/www.sacesa.es\\\/wp-content\\\/uploads\\\/2016\\\/10\\\/SACESA-CONSULTORES.jpg\",\"datePublished\":\"2016-10-18T15:06:17+00:00\",\"dateModified\":\"2023-12-27T10:18:06+00:00\",\"description\":\"Somos asesor\u00eda especializada en empresas, impuesto sobre sociedades, grupos de sociedades, procedimiento tributario y econom\u00eda forense.\",\"breadcrumb\":{\"@id\":\"https:\\\/\\\/sacesa.es\\\/quienes-somos\\\/#breadcrumb\"},\"inLanguage\":\"en-GB\",\"potentialAction\":[{\"@type\":\"ReadAction\",\"target\":[\"https:\\\/\\\/sacesa.es\\\/quienes-somos\\\/\"]}]},{\"@type\":\"ImageObject\",\"inLanguage\":\"en-GB\",\"@id\":\"https:\\\/\\\/sacesa.es\\\/quienes-somos\\\/#primaryimage\",\"url\":\"https:\\\/\\\/www.sacesa.es\\\/wp-content\\\/uploads\\\/2016\\\/10\\\/SACESA-CONSULTORES.jpg\",\"contentUrl\":\"https:\\\/\\\/www.sacesa.es\\\/wp-content\\\/uploads\\\/2016\\\/10\\\/SACESA-CONSULTORES.jpg\"},{\"@type\":\"BreadcrumbList\",\"@id\":\"https:\\\/\\\/sacesa.es\\\/quienes-somos\\\/#breadcrumb\",\"itemListElement\":[{\"@type\":\"ListItem\",\"position\":1,\"name\":\"Portada\",\"item\":\"https:\\\/\\\/sacesa.es\\\/\"},{\"@type\":\"ListItem\",\"position\":2,\"name\":\"QUI\u00c9NES SOMOS\"}]},{\"@type\":\"WebSite\",\"@id\":\"https:\\\/\\\/sacesa.es\\\/#website\",\"url\":\"https:\\\/\\\/sacesa.es\\\/\",\"name\":\"Sacesa\",\"description\":\"Consolidaci\u00f3n fiscal\",\"publisher\":{\"@id\":\"https:\\\/\\\/sacesa.es\\\/#organization\"},\"potentialAction\":[{\"@type\":\"SearchAction\",\"target\":{\"@type\":\"EntryPoint\",\"urlTemplate\":\"https:\\\/\\\/sacesa.es\\\/?s={search_term_string}\"},\"query-input\":{\"@type\":\"PropertyValueSpecification\",\"valueRequired\":true,\"valueName\":\"search_term_string\"}}],\"inLanguage\":\"en-GB\"},{\"@type\":\"Organization\",\"@id\":\"https:\\\/\\\/sacesa.es\\\/#organization\",\"name\":\"Sacesa\",\"url\":\"https:\\\/\\\/sacesa.es\\\/\",\"logo\":{\"@type\":\"ImageObject\",\"inLanguage\":\"en-GB\",\"@id\":\"https:\\\/\\\/sacesa.es\\\/#\\\/schema\\\/logo\\\/image\\\/\",\"url\":\"https:\\\/\\\/sacesa.es\\\/wp-content\\\/uploads\\\/2016\\\/12\\\/cropped-logo-sacesa-rev4-1.png\",\"contentUrl\":\"https:\\\/\\\/sacesa.es\\\/wp-content\\\/uploads\\\/2016\\\/12\\\/cropped-logo-sacesa-rev4-1.png\",\"width\":468,\"height\":156,\"caption\":\"Sacesa\"},\"image\":{\"@id\":\"https:\\\/\\\/sacesa.es\\\/#\\\/schema\\\/logo\\\/image\\\/\"}}]}<\/script>\n<!-- \/ Yoast SEO plugin. -->","yoast_head_json":{"title":"WHO WE ARE - Sacesa","description":"We are a consulting firm specializing in business, corporate tax, corporate groups, tax procedures, and forensic economics.","robots":{"index":"index","follow":"follow","max-snippet":"max-snippet:-1","max-image-preview":"max-image-preview:large","max-video-preview":"max-video-preview:-1"},"canonical":"https:\/\/sacesa.es\/en\/quienes-somos\/","og_locale":"en_GB","og_type":"article","og_title":"QUI\u00c9NES SOMOS - Sacesa","og_description":"Somos asesor\u00eda especializada en empresas, impuesto sobre sociedades, grupos de sociedades, procedimiento tributario y econom\u00eda forense.","og_url":"https:\/\/sacesa.es\/en\/quienes-somos\/","og_site_name":"Sacesa","article_modified_time":"2023-12-27T10:18:06+00:00","og_image":[{"url":"https:\/\/www.sacesa.es\/wp-content\/uploads\/2016\/10\/SACESA-CONSULTORES.jpg","type":"","width":"","height":""}],"twitter_card":"summary_large_image","schema":{"@context":"https:\/\/schema.org","@graph":[{"@type":"WebPage","@id":"https:\/\/sacesa.es\/quienes-somos\/","url":"https:\/\/sacesa.es\/quienes-somos\/","name":"WHO WE ARE - Sacesa","isPartOf":{"@id":"https:\/\/sacesa.es\/#website"},"primaryImageOfPage":{"@id":"https:\/\/sacesa.es\/quienes-somos\/#primaryimage"},"image":{"@id":"https:\/\/sacesa.es\/quienes-somos\/#primaryimage"},"thumbnailUrl":"https:\/\/www.sacesa.es\/wp-content\/uploads\/2016\/10\/SACESA-CONSULTORES.jpg","datePublished":"2016-10-18T15:06:17+00:00","dateModified":"2023-12-27T10:18:06+00:00","description":"We are a consulting firm specializing in business, corporate tax, corporate groups, tax procedures, and forensic economics.","breadcrumb":{"@id":"https:\/\/sacesa.es\/quienes-somos\/#breadcrumb"},"inLanguage":"en-GB","potentialAction":[{"@type":"ReadAction","target":["https:\/\/sacesa.es\/quienes-somos\/"]}]},{"@type":"ImageObject","inLanguage":"en-GB","@id":"https:\/\/sacesa.es\/quienes-somos\/#primaryimage","url":"https:\/\/www.sacesa.es\/wp-content\/uploads\/2016\/10\/SACESA-CONSULTORES.jpg","contentUrl":"https:\/\/www.sacesa.es\/wp-content\/uploads\/2016\/10\/SACESA-CONSULTORES.jpg"},{"@type":"BreadcrumbList","@id":"https:\/\/sacesa.es\/quienes-somos\/#breadcrumb","itemListElement":[{"@type":"ListItem","position":1,"name":"Portada","item":"https:\/\/sacesa.es\/"},{"@type":"ListItem","position":2,"name":"QUI\u00c9NES SOMOS"}]},{"@type":"WebSite","@id":"https:\/\/sacesa.es\/#website","url":"https:\/\/sacesa.es\/","name":"Sacesa","description":"Fiscal consolidation","publisher":{"@id":"https:\/\/sacesa.es\/#organization"},"potentialAction":[{"@type":"SearchAction","target":{"@type":"EntryPoint","urlTemplate":"https:\/\/sacesa.es\/?s={search_term_string}"},"query-input":{"@type":"PropertyValueSpecification","valueRequired":true,"valueName":"search_term_string"}}],"inLanguage":"en-GB"},{"@type":"Organization","@id":"https:\/\/sacesa.es\/#organization","name":"Sacesa","url":"https:\/\/sacesa.es\/","logo":{"@type":"ImageObject","inLanguage":"en-GB","@id":"https:\/\/sacesa.es\/#\/schema\/logo\/image\/","url":"https:\/\/sacesa.es\/wp-content\/uploads\/2016\/12\/cropped-logo-sacesa-rev4-1.png","contentUrl":"https:\/\/sacesa.es\/wp-content\/uploads\/2016\/12\/cropped-logo-sacesa-rev4-1.png","width":468,"height":156,"caption":"Sacesa"},"image":{"@id":"https:\/\/sacesa.es\/#\/schema\/logo\/image\/"}}]}},"_links":{"self":[{"href":"https:\/\/sacesa.es\/en\/wp-json\/wp\/v2\/pages\/17","targetHints":{"allow":["GET"]}}],"collection":[{"href":"https:\/\/sacesa.es\/en\/wp-json\/wp\/v2\/pages"}],"about":[{"href":"https:\/\/sacesa.es\/en\/wp-json\/wp\/v2\/types\/page"}],"author":[{"embeddable":true,"href":"https:\/\/sacesa.es\/en\/wp-json\/wp\/v2\/users\/1"}],"replies":[{"embeddable":true,"href":"https:\/\/sacesa.es\/en\/wp-json\/wp\/v2\/comments?post=17"}],"version-history":[{"count":0,"href":"https:\/\/sacesa.es\/en\/wp-json\/wp\/v2\/pages\/17\/revisions"}],"wp:attachment":[{"href":"https:\/\/sacesa.es\/en\/wp-json\/wp\/v2\/media?parent=17"}],"curies":[{"name":"wp","href":"https:\/\/api.w.org\/{rel}","templated":true}]}}