{"id":105,"date":"2016-11-28T09:10:20","date_gmt":"2016-11-28T09:10:20","guid":{"rendered":"http:\/\/sacesa.es\/?page_id=105"},"modified":"2023-12-27T10:17:09","modified_gmt":"2023-12-27T10:17:09","slug":"economia-forense","status":"publish","type":"page","link":"https:\/\/sacesa.es\/en\/economia-forense\/","title":{"rendered":"FORENSIC ECONOMY"},"content":{"rendered":"<div data-elementor-type=\"wp-page\" data-elementor-id=\"105\" class=\"elementor elementor-105\" data-elementor-post-type=\"page\">\n\t\t\t\t<div class=\"elementor-element elementor-element-dfa703e e-flex e-con-boxed e-con e-parent\" data-id=\"dfa703e\" data-element_type=\"container\" data-e-type=\"container\">\n\t\t\t\t\t<div class=\"e-con-inner\">\n\t\t<div class=\"elementor-element elementor-element-ed902f8 e-con-full e-flex e-con e-child\" data-id=\"ed902f8\" data-element_type=\"container\" data-e-type=\"container\">\n\t\t<div class=\"elementor-element elementor-element-0190391 e-con-full elementor-hidden-mobile e-flex e-con e-child\" data-id=\"0190391\" data-element_type=\"container\" data-e-type=\"container\">\n\t\t\t\t<div class=\"elementor-element elementor-element-8e0993f elementor-align-end elementor-icon-list--layout-traditional elementor-list-item-link-full_width elementor-widget elementor-widget-icon-list\" data-id=\"8e0993f\" data-element_type=\"widget\" data-e-type=\"widget\" data-widget_type=\"icon-list.default\">\n\t\t\t\t<div class=\"elementor-widget-container\">\n\t\t\t\t\t\t\t<ul class=\"elementor-icon-list-items\">\n\t\t\t\t\t\t\t<li class=\"elementor-icon-list-item\">\n\t\t\t\t\t\t\t\t\t\t\t<a href=\"https:\/\/sacesa.es\/en\/impuesto-sobre-sociedades\/\">\n\n\t\t\t\t\t\t\t\t\t\t\t<span class=\"elementor-icon-list-text\">CORPORATE TAX<\/span>\n\t\t\t\t\t\t\t\t\t\t\t<\/a>\n\t\t\t\t\t\t\t\t\t<\/li>\n\t\t\t\t\t\t<\/ul>\n\t\t\t\t\t\t<\/div>\n\t\t\t\t<\/div>\n\t\t\t\t<div class=\"elementor-element elementor-element-3e301f6 elementor-align-end elementor-icon-list--layout-traditional elementor-list-item-link-full_width elementor-widget elementor-widget-icon-list\" data-id=\"3e301f6\" data-element_type=\"widget\" data-e-type=\"widget\" data-widget_type=\"icon-list.default\">\n\t\t\t\t<div class=\"elementor-widget-container\">\n\t\t\t\t\t\t\t<ul class=\"elementor-icon-list-items\">\n\t\t\t\t\t\t\t<li class=\"elementor-icon-list-item\">\n\t\t\t\t\t\t\t\t\t\t\t<a href=\"https:\/\/sacesa.es\/en\/grupos-de-sociedades-operaciones-de-reestructuracion\/\">\n\n\t\t\t\t\t\t\t\t\t\t\t<span class=\"elementor-icon-list-text\">GROUPS OF COMPANIES <br> RESTRUCTURING OPERATIONS<\/span>\n\t\t\t\t\t\t\t\t\t\t\t<\/a>\n\t\t\t\t\t\t\t\t\t<\/li>\n\t\t\t\t\t\t<\/ul>\n\t\t\t\t\t\t<\/div>\n\t\t\t\t<\/div>\n\t\t\t\t<div class=\"elementor-element elementor-element-4a67147 elementor-align-end elementor-icon-list--layout-traditional elementor-list-item-link-full_width elementor-widget elementor-widget-icon-list\" data-id=\"4a67147\" data-element_type=\"widget\" data-e-type=\"widget\" data-widget_type=\"icon-list.default\">\n\t\t\t\t<div class=\"elementor-widget-container\">\n\t\t\t\t\t\t\t<ul class=\"elementor-icon-list-items\">\n\t\t\t\t\t\t\t<li class=\"elementor-icon-list-item\">\n\t\t\t\t\t\t\t\t\t\t\t<a href=\"https:\/\/sacesa.es\/en\/economia-forense\/\">\n\n\t\t\t\t\t\t\t\t\t\t\t<span class=\"elementor-icon-list-text\">FORENSIC ECONOMY<\/span>\n\t\t\t\t\t\t\t\t\t\t\t<\/a>\n\t\t\t\t\t\t\t\t\t<\/li>\n\t\t\t\t\t\t<\/ul>\n\t\t\t\t\t\t<\/div>\n\t\t\t\t<\/div>\n\t\t\t\t<div class=\"elementor-element elementor-element-cff29a5 elementor-align-end elementor-icon-list--layout-traditional elementor-list-item-link-full_width elementor-widget elementor-widget-icon-list\" data-id=\"cff29a5\" data-element_type=\"widget\" data-e-type=\"widget\" data-widget_type=\"icon-list.default\">\n\t\t\t\t<div class=\"elementor-widget-container\">\n\t\t\t\t\t\t\t<ul class=\"elementor-icon-list-items\">\n\t\t\t\t\t\t\t<li class=\"elementor-icon-list-item\">\n\t\t\t\t\t\t\t\t\t\t\t<a href=\"https:\/\/sacesa.es\/en\/prodedimiento-tributario\/\">\n\n\t\t\t\t\t\t\t\t\t\t\t<span class=\"elementor-icon-list-text\">TAX PROCEDURE<\/span>\n\t\t\t\t\t\t\t\t\t\t\t<\/a>\n\t\t\t\t\t\t\t\t\t<\/li>\n\t\t\t\t\t\t<\/ul>\n\t\t\t\t\t\t<\/div>\n\t\t\t\t<\/div>\n\t\t\t\t<\/div>\n\t\t\t\t<\/div>\n\t\t<div class=\"elementor-element elementor-element-7dc77ae e-con-full e-flex e-con e-child\" data-id=\"7dc77ae\" data-element_type=\"container\" data-e-type=\"container\">\n\t\t\t\t<div class=\"elementor-element elementor-element-1c1c8b0 elementor-widget__width-initial elementor-widget elementor-widget-image\" data-id=\"1c1c8b0\" data-element_type=\"widget\" data-e-type=\"widget\" data-widget_type=\"image.default\">\n\t\t\t\t<div class=\"elementor-widget-container\">\n\t\t\t\t\t\t\t\t\t\t\t\t\t\t\t<img fetchpriority=\"high\" decoding=\"async\" width=\"960\" height=\"330\" src=\"https:\/\/sacesa.es\/wp-content\/uploads\/2016\/11\/economia-forense.jpg\" class=\"attachment-large size-large wp-image-181\" alt=\"Econom\u00eda forense\" srcset=\"https:\/\/sacesa.es\/wp-content\/uploads\/2016\/11\/economia-forense.jpg 960w, https:\/\/sacesa.es\/wp-content\/uploads\/2016\/11\/economia-forense-300x103.jpg 300w, https:\/\/sacesa.es\/wp-content\/uploads\/2016\/11\/economia-forense-768x264.jpg 768w\" sizes=\"(max-width: 960px) 100vw, 960px\" \/>\t\t\t\t\t\t\t\t\t\t\t\t\t\t\t<\/div>\n\t\t\t\t<\/div>\n\t\t\t\t<div class=\"elementor-element elementor-element-2a9e7e9 elementor-widget elementor-widget-heading\" data-id=\"2a9e7e9\" data-element_type=\"widget\" data-e-type=\"widget\" data-widget_type=\"heading.default\">\n\t\t\t\t<div class=\"elementor-widget-container\">\n\t\t\t\t\t<h3 class=\"elementor-heading-title elementor-size-default\">FORENSIC ECONOMY<\/h3>\t\t\t\t<\/div>\n\t\t\t\t<\/div>\n\t\t\t\t<div class=\"elementor-element elementor-element-ff76d19 elementor-widget elementor-widget-text-editor\" data-id=\"ff76d19\" data-element_type=\"widget\" data-e-type=\"widget\" data-widget_type=\"text-editor.default\">\n\t\t\t\t<div class=\"elementor-widget-container\">\n\t\t\t\t\t\t\t\t\t<p>Sacesa Consultores has a team of professionals with extensive experience in bankruptcy matters. Our functions in this field are:<\/p><ul><li>in their capacity as creditors in bankruptcy proceedings: monitoring and defense of their interests<\/li><li>as debtors: carrying out pre-bankruptcy studies, preparing the accounting, economic and legal documentation necessary for the application, presentation of the claim and monitoring throughout the procedure.<\/li><\/ul><p>Another of our specialties is the preparation of expert reports related to any aspect of the company&#039;s economic activity such as accounting, taxation, loss of profits, valuation of companies and intangibles, determination of operating results, etc. Our specialists in this area are aware of the contribution of their opinions to the success of judicial procedures as well as the support they provide to judicial bodies in specific matters.<\/p>\t\t\t\t\t\t\t\t<\/div>\n\t\t\t\t<\/div>\n\t\t\t\t<\/div>\n\t\t\t\t\t<\/div>\n\t\t\t\t<\/div>\n\t\t\t\t<\/div>","protected":false},"excerpt":{"rendered":"<p>IMPUESTO SOBRE SOCIEDADES GRUPOS DE SOCIEDADES OPERACIONES DE REESTRUCTURACI\u00d3N ECONOM\u00cdA FORENSE PROCEDIMIENTO TRIBUTARIO ECONOM\u00cdA FORENSE Sacesa Consultores cuenta con un equipo de profesionales con amplia experiencia en los asuntos concursales. Nuestras funciones en este campo son: en su condici\u00f3n de acreedores en concursos: seguimiento y defensa de sus intereses como deudores: realizaci\u00f3n de estudios pre-concursales, [&hellip;]<\/p>\n","protected":false},"author":1,"featured_media":0,"parent":0,"menu_order":0,"comment_status":"closed","ping_status":"closed","template":"","meta":{"site-sidebar-layout":"default","site-content-layout":"","ast-site-content-layout":"default","site-content-style":"default","site-sidebar-style":"default","ast-global-header-display":"","ast-banner-title-visibility":"","ast-main-header-display":"","ast-hfb-above-header-display":"","ast-hfb-below-header-display":"","ast-hfb-mobile-header-display":"","site-post-title":"","ast-breadcrumbs-content":"","ast-featured-img":"","footer-sml-layout":"","ast-disable-related-posts":"","theme-transparent-header-meta":"","adv-header-id-meta":"","stick-header-meta":"","header-above-stick-meta":"","header-main-stick-meta":"","header-below-stick-meta":"","astra-migrate-meta-layouts":"default","ast-page-background-enabled":"default","ast-page-background-meta":{"desktop":{"background-color":"var(--ast-global-color-4)","background-image":"","background-repeat":"repeat","background-position":"center center","background-size":"auto","background-attachment":"scroll","background-type":"","background-media":"","overlay-type":"","overlay-color":"","overlay-opacity":"","overlay-gradient":""},"tablet":{"background-color":"","background-image":"","background-repeat":"repeat","background-position":"center center","background-size":"auto","background-attachment":"scroll","background-type":"","background-media":"","overlay-type":"","overlay-color":"","overlay-opacity":"","overlay-gradient":""},"mobile":{"background-color":"","background-image":"","background-repeat":"repeat","background-position":"center center","background-size":"auto","background-attachment":"scroll","background-type":"","background-media":"","overlay-type":"","overlay-color":"","overlay-opacity":"","overlay-gradient":""}},"ast-content-background-meta":{"desktop":{"background-color":"var(--ast-global-color-5)","background-image":"","background-repeat":"repeat","background-position":"center center","background-size":"auto","background-attachment":"scroll","background-type":"","background-media":"","overlay-type":"","overlay-color":"","overlay-opacity":"","overlay-gradient":""},"tablet":{"background-color":"var(--ast-global-color-5)","background-image":"","background-repeat":"repeat","background-position":"center center","background-size":"auto","background-attachment":"scroll","background-type":"","background-media":"","overlay-type":"","overlay-color":"","overlay-opacity":"","overlay-gradient":""},"mobile":{"background-color":"var(--ast-global-color-5)","background-image":"","background-repeat":"repeat","background-position":"center center","background-size":"auto","background-attachment":"scroll","background-type":"","background-media":"","overlay-type":"","overlay-color":"","overlay-opacity":"","overlay-gradient":""}},"footnotes":""},"class_list":["post-105","page","type-page","status-publish","hentry"],"yoast_head":"<!-- This site is optimized with the Yoast SEO plugin v27.4 - https:\/\/yoast.com\/product\/yoast-seo-wordpress\/ -->\n<title>ECONOM\u00cdA FORENSE - Sacesa<\/title>\n<meta name=\"description\" content=\"Sacesa Consultores: Econom\u00eda forense. Elaboraci\u00f3n de pruebas periciales para facilitar los procesos judiciales.\" \/>\n<meta name=\"robots\" content=\"index, follow, max-snippet:-1, max-image-preview:large, max-video-preview:-1\" \/>\n<link rel=\"canonical\" href=\"https:\/\/sacesa.es\/en\/economia-forense\/\" \/>\n<meta property=\"og:locale\" content=\"en_GB\" \/>\n<meta property=\"og:type\" content=\"article\" \/>\n<meta property=\"og:title\" content=\"ECONOM\u00cdA FORENSE - Sacesa\" \/>\n<meta property=\"og:description\" content=\"Sacesa Consultores: Econom\u00eda forense. Elaboraci\u00f3n de pruebas periciales para facilitar los procesos judiciales.\" \/>\n<meta property=\"og:url\" content=\"https:\/\/sacesa.es\/en\/economia-forense\/\" \/>\n<meta property=\"og:site_name\" content=\"Sacesa\" \/>\n<meta property=\"article:modified_time\" content=\"2023-12-27T10:17:09+00:00\" \/>\n<meta property=\"og:image\" content=\"https:\/\/www.sacesa.es\/wp-content\/uploads\/2016\/11\/economia-forense.jpg\" \/>\n<meta name=\"twitter:card\" content=\"summary_large_image\" \/>\n<meta name=\"twitter:label1\" content=\"Estimated reading time\" \/>\n\t<meta name=\"twitter:data1\" content=\"1 minute\" \/>\n<script type=\"application\/ld+json\" class=\"yoast-schema-graph\">{\"@context\":\"https:\\\/\\\/schema.org\",\"@graph\":[{\"@type\":\"WebPage\",\"@id\":\"https:\\\/\\\/sacesa.es\\\/economia-forense\\\/\",\"url\":\"https:\\\/\\\/sacesa.es\\\/economia-forense\\\/\",\"name\":\"ECONOM\u00cdA FORENSE - Sacesa\",\"isPartOf\":{\"@id\":\"https:\\\/\\\/sacesa.es\\\/#website\"},\"primaryImageOfPage\":{\"@id\":\"https:\\\/\\\/sacesa.es\\\/economia-forense\\\/#primaryimage\"},\"image\":{\"@id\":\"https:\\\/\\\/sacesa.es\\\/economia-forense\\\/#primaryimage\"},\"thumbnailUrl\":\"https:\\\/\\\/www.sacesa.es\\\/wp-content\\\/uploads\\\/2016\\\/11\\\/economia-forense.jpg\",\"datePublished\":\"2016-11-28T09:10:20+00:00\",\"dateModified\":\"2023-12-27T10:17:09+00:00\",\"description\":\"Sacesa Consultores: Econom\u00eda forense. Elaboraci\u00f3n de pruebas periciales para facilitar los procesos judiciales.\",\"breadcrumb\":{\"@id\":\"https:\\\/\\\/sacesa.es\\\/economia-forense\\\/#breadcrumb\"},\"inLanguage\":\"en-GB\",\"potentialAction\":[{\"@type\":\"ReadAction\",\"target\":[\"https:\\\/\\\/sacesa.es\\\/economia-forense\\\/\"]}]},{\"@type\":\"ImageObject\",\"inLanguage\":\"en-GB\",\"@id\":\"https:\\\/\\\/sacesa.es\\\/economia-forense\\\/#primaryimage\",\"url\":\"https:\\\/\\\/www.sacesa.es\\\/wp-content\\\/uploads\\\/2016\\\/11\\\/economia-forense.jpg\",\"contentUrl\":\"https:\\\/\\\/www.sacesa.es\\\/wp-content\\\/uploads\\\/2016\\\/11\\\/economia-forense.jpg\"},{\"@type\":\"BreadcrumbList\",\"@id\":\"https:\\\/\\\/sacesa.es\\\/economia-forense\\\/#breadcrumb\",\"itemListElement\":[{\"@type\":\"ListItem\",\"position\":1,\"name\":\"Portada\",\"item\":\"https:\\\/\\\/sacesa.es\\\/\"},{\"@type\":\"ListItem\",\"position\":2,\"name\":\"ECONOM\u00cdA FORENSE\"}]},{\"@type\":\"WebSite\",\"@id\":\"https:\\\/\\\/sacesa.es\\\/#website\",\"url\":\"https:\\\/\\\/sacesa.es\\\/\",\"name\":\"Sacesa\",\"description\":\"Consolidaci\u00f3n fiscal\",\"publisher\":{\"@id\":\"https:\\\/\\\/sacesa.es\\\/#organization\"},\"potentialAction\":[{\"@type\":\"SearchAction\",\"target\":{\"@type\":\"EntryPoint\",\"urlTemplate\":\"https:\\\/\\\/sacesa.es\\\/?s={search_term_string}\"},\"query-input\":{\"@type\":\"PropertyValueSpecification\",\"valueRequired\":true,\"valueName\":\"search_term_string\"}}],\"inLanguage\":\"en-GB\"},{\"@type\":\"Organization\",\"@id\":\"https:\\\/\\\/sacesa.es\\\/#organization\",\"name\":\"Sacesa\",\"url\":\"https:\\\/\\\/sacesa.es\\\/\",\"logo\":{\"@type\":\"ImageObject\",\"inLanguage\":\"en-GB\",\"@id\":\"https:\\\/\\\/sacesa.es\\\/#\\\/schema\\\/logo\\\/image\\\/\",\"url\":\"https:\\\/\\\/sacesa.es\\\/wp-content\\\/uploads\\\/2016\\\/12\\\/cropped-logo-sacesa-rev4-1.png\",\"contentUrl\":\"https:\\\/\\\/sacesa.es\\\/wp-content\\\/uploads\\\/2016\\\/12\\\/cropped-logo-sacesa-rev4-1.png\",\"width\":468,\"height\":156,\"caption\":\"Sacesa\"},\"image\":{\"@id\":\"https:\\\/\\\/sacesa.es\\\/#\\\/schema\\\/logo\\\/image\\\/\"}}]}<\/script>\n<!-- \/ Yoast SEO plugin. -->","yoast_head_json":{"title":"FORENSIC ECONOMICS - Sacesa","description":"Sacesa Consultants: Forensic economics. Preparation of expert evidence to facilitate judicial proceedings.","robots":{"index":"index","follow":"follow","max-snippet":"max-snippet:-1","max-image-preview":"max-image-preview:large","max-video-preview":"max-video-preview:-1"},"canonical":"https:\/\/sacesa.es\/en\/economia-forense\/","og_locale":"en_GB","og_type":"article","og_title":"ECONOM\u00cdA FORENSE - Sacesa","og_description":"Sacesa Consultores: Econom\u00eda forense. Elaboraci\u00f3n de pruebas periciales para facilitar los procesos judiciales.","og_url":"https:\/\/sacesa.es\/en\/economia-forense\/","og_site_name":"Sacesa","article_modified_time":"2023-12-27T10:17:09+00:00","og_image":[{"url":"https:\/\/www.sacesa.es\/wp-content\/uploads\/2016\/11\/economia-forense.jpg","type":"","width":"","height":""}],"twitter_card":"summary_large_image","twitter_misc":{"Estimated reading time":"1 minute"},"schema":{"@context":"https:\/\/schema.org","@graph":[{"@type":"WebPage","@id":"https:\/\/sacesa.es\/economia-forense\/","url":"https:\/\/sacesa.es\/economia-forense\/","name":"FORENSIC ECONOMICS - Sacesa","isPartOf":{"@id":"https:\/\/sacesa.es\/#website"},"primaryImageOfPage":{"@id":"https:\/\/sacesa.es\/economia-forense\/#primaryimage"},"image":{"@id":"https:\/\/sacesa.es\/economia-forense\/#primaryimage"},"thumbnailUrl":"https:\/\/www.sacesa.es\/wp-content\/uploads\/2016\/11\/economia-forense.jpg","datePublished":"2016-11-28T09:10:20+00:00","dateModified":"2023-12-27T10:17:09+00:00","description":"Sacesa Consultants: Forensic economics. Preparation of expert evidence to facilitate judicial proceedings.","breadcrumb":{"@id":"https:\/\/sacesa.es\/economia-forense\/#breadcrumb"},"inLanguage":"en-GB","potentialAction":[{"@type":"ReadAction","target":["https:\/\/sacesa.es\/economia-forense\/"]}]},{"@type":"ImageObject","inLanguage":"en-GB","@id":"https:\/\/sacesa.es\/economia-forense\/#primaryimage","url":"https:\/\/www.sacesa.es\/wp-content\/uploads\/2016\/11\/economia-forense.jpg","contentUrl":"https:\/\/www.sacesa.es\/wp-content\/uploads\/2016\/11\/economia-forense.jpg"},{"@type":"BreadcrumbList","@id":"https:\/\/sacesa.es\/economia-forense\/#breadcrumb","itemListElement":[{"@type":"ListItem","position":1,"name":"Portada","item":"https:\/\/sacesa.es\/"},{"@type":"ListItem","position":2,"name":"ECONOM\u00cdA FORENSE"}]},{"@type":"WebSite","@id":"https:\/\/sacesa.es\/#website","url":"https:\/\/sacesa.es\/","name":"Sacesa","description":"Fiscal consolidation","publisher":{"@id":"https:\/\/sacesa.es\/#organization"},"potentialAction":[{"@type":"SearchAction","target":{"@type":"EntryPoint","urlTemplate":"https:\/\/sacesa.es\/?s={search_term_string}"},"query-input":{"@type":"PropertyValueSpecification","valueRequired":true,"valueName":"search_term_string"}}],"inLanguage":"en-GB"},{"@type":"Organization","@id":"https:\/\/sacesa.es\/#organization","name":"Sacesa","url":"https:\/\/sacesa.es\/","logo":{"@type":"ImageObject","inLanguage":"en-GB","@id":"https:\/\/sacesa.es\/#\/schema\/logo\/image\/","url":"https:\/\/sacesa.es\/wp-content\/uploads\/2016\/12\/cropped-logo-sacesa-rev4-1.png","contentUrl":"https:\/\/sacesa.es\/wp-content\/uploads\/2016\/12\/cropped-logo-sacesa-rev4-1.png","width":468,"height":156,"caption":"Sacesa"},"image":{"@id":"https:\/\/sacesa.es\/#\/schema\/logo\/image\/"}}]}},"_links":{"self":[{"href":"https:\/\/sacesa.es\/en\/wp-json\/wp\/v2\/pages\/105","targetHints":{"allow":["GET"]}}],"collection":[{"href":"https:\/\/sacesa.es\/en\/wp-json\/wp\/v2\/pages"}],"about":[{"href":"https:\/\/sacesa.es\/en\/wp-json\/wp\/v2\/types\/page"}],"author":[{"embeddable":true,"href":"https:\/\/sacesa.es\/en\/wp-json\/wp\/v2\/users\/1"}],"replies":[{"embeddable":true,"href":"https:\/\/sacesa.es\/en\/wp-json\/wp\/v2\/comments?post=105"}],"version-history":[{"count":0,"href":"https:\/\/sacesa.es\/en\/wp-json\/wp\/v2\/pages\/105\/revisions"}],"wp:attachment":[{"href":"https:\/\/sacesa.es\/en\/wp-json\/wp\/v2\/media?parent=105"}],"curies":[{"name":"wp","href":"https:\/\/api.w.org\/{rel}","templated":true}]}}