{"id":101,"date":"2016-11-28T09:09:33","date_gmt":"2016-11-28T09:09:33","guid":{"rendered":"http:\/\/sacesa.es\/?page_id=101"},"modified":"2023-12-27T10:17:19","modified_gmt":"2023-12-27T10:17:19","slug":"grupos-de-sociedades-operaciones-de-reestructuracion","status":"publish","type":"page","link":"https:\/\/sacesa.es\/en\/grupos-de-sociedades-operaciones-de-reestructuracion\/","title":{"rendered":"GROUPS OF COMPANIES RESTRUCTURING OPERATIONS"},"content":{"rendered":"<div data-elementor-type=\"wp-page\" data-elementor-id=\"101\" class=\"elementor elementor-101\" data-elementor-post-type=\"page\">\n\t\t\t\t<div class=\"elementor-element elementor-element-603fb1e e-flex e-con-boxed e-con e-parent\" data-id=\"603fb1e\" data-element_type=\"container\" data-e-type=\"container\">\n\t\t\t\t\t<div class=\"e-con-inner\">\n\t\t<div class=\"elementor-element elementor-element-016f8a7 e-con-full e-flex e-con e-child\" data-id=\"016f8a7\" data-element_type=\"container\" data-e-type=\"container\">\n\t\t<div class=\"elementor-element elementor-element-bc79977 e-con-full elementor-hidden-mobile e-flex e-con e-child\" data-id=\"bc79977\" data-element_type=\"container\" data-e-type=\"container\">\n\t\t\t\t<div class=\"elementor-element elementor-element-7f6b62b elementor-align-end elementor-icon-list--layout-traditional elementor-list-item-link-full_width elementor-widget elementor-widget-icon-list\" data-id=\"7f6b62b\" data-element_type=\"widget\" data-e-type=\"widget\" data-widget_type=\"icon-list.default\">\n\t\t\t\t<div class=\"elementor-widget-container\">\n\t\t\t\t\t\t\t<ul class=\"elementor-icon-list-items\">\n\t\t\t\t\t\t\t<li class=\"elementor-icon-list-item\">\n\t\t\t\t\t\t\t\t\t\t\t<a href=\"https:\/\/sacesa.es\/en\/impuesto-sobre-sociedades\/\">\n\n\t\t\t\t\t\t\t\t\t\t\t<span class=\"elementor-icon-list-text\">CORPORATE TAX<\/span>\n\t\t\t\t\t\t\t\t\t\t\t<\/a>\n\t\t\t\t\t\t\t\t\t<\/li>\n\t\t\t\t\t\t<\/ul>\n\t\t\t\t\t\t<\/div>\n\t\t\t\t<\/div>\n\t\t\t\t<div class=\"elementor-element elementor-element-7001156 elementor-align-end elementor-icon-list--layout-traditional elementor-list-item-link-full_width elementor-widget elementor-widget-icon-list\" data-id=\"7001156\" data-element_type=\"widget\" data-e-type=\"widget\" data-widget_type=\"icon-list.default\">\n\t\t\t\t<div class=\"elementor-widget-container\">\n\t\t\t\t\t\t\t<ul class=\"elementor-icon-list-items\">\n\t\t\t\t\t\t\t<li class=\"elementor-icon-list-item\">\n\t\t\t\t\t\t\t\t\t\t\t<a href=\"https:\/\/sacesa.es\/en\/grupos-de-sociedades-operaciones-de-reestructuracion\/\">\n\n\t\t\t\t\t\t\t\t\t\t\t<span class=\"elementor-icon-list-text\">GROUPS OF COMPANIES <br> RESTRUCTURING OPERATIONS<\/span>\n\t\t\t\t\t\t\t\t\t\t\t<\/a>\n\t\t\t\t\t\t\t\t\t<\/li>\n\t\t\t\t\t\t<\/ul>\n\t\t\t\t\t\t<\/div>\n\t\t\t\t<\/div>\n\t\t\t\t<div class=\"elementor-element elementor-element-d36392e elementor-align-end elementor-icon-list--layout-traditional elementor-list-item-link-full_width elementor-widget elementor-widget-icon-list\" data-id=\"d36392e\" data-element_type=\"widget\" data-e-type=\"widget\" data-widget_type=\"icon-list.default\">\n\t\t\t\t<div class=\"elementor-widget-container\">\n\t\t\t\t\t\t\t<ul class=\"elementor-icon-list-items\">\n\t\t\t\t\t\t\t<li class=\"elementor-icon-list-item\">\n\t\t\t\t\t\t\t\t\t\t\t<a href=\"https:\/\/sacesa.es\/en\/economia-forense\/\">\n\n\t\t\t\t\t\t\t\t\t\t\t<span class=\"elementor-icon-list-text\">FORENSIC ECONOMY<\/span>\n\t\t\t\t\t\t\t\t\t\t\t<\/a>\n\t\t\t\t\t\t\t\t\t<\/li>\n\t\t\t\t\t\t<\/ul>\n\t\t\t\t\t\t<\/div>\n\t\t\t\t<\/div>\n\t\t\t\t<div class=\"elementor-element elementor-element-12f8556 elementor-align-end elementor-icon-list--layout-traditional elementor-list-item-link-full_width elementor-widget elementor-widget-icon-list\" data-id=\"12f8556\" data-element_type=\"widget\" data-e-type=\"widget\" data-widget_type=\"icon-list.default\">\n\t\t\t\t<div class=\"elementor-widget-container\">\n\t\t\t\t\t\t\t<ul class=\"elementor-icon-list-items\">\n\t\t\t\t\t\t\t<li class=\"elementor-icon-list-item\">\n\t\t\t\t\t\t\t\t\t\t\t<a href=\"https:\/\/sacesa.es\/en\/prodedimiento-tributario\/\">\n\n\t\t\t\t\t\t\t\t\t\t\t<span class=\"elementor-icon-list-text\">TAX PROCEDURE<\/span>\n\t\t\t\t\t\t\t\t\t\t\t<\/a>\n\t\t\t\t\t\t\t\t\t<\/li>\n\t\t\t\t\t\t<\/ul>\n\t\t\t\t\t\t<\/div>\n\t\t\t\t<\/div>\n\t\t\t\t<\/div>\n\t\t\t\t<\/div>\n\t\t<div class=\"elementor-element elementor-element-9f2d5da e-con-full e-flex e-con e-child\" data-id=\"9f2d5da\" data-element_type=\"container\" data-e-type=\"container\">\n\t\t\t\t<div class=\"elementor-element elementor-element-37fa27c elementor-widget__width-initial elementor-widget elementor-widget-image\" data-id=\"37fa27c\" data-element_type=\"widget\" data-e-type=\"widget\" data-widget_type=\"image.default\">\n\t\t\t\t<div class=\"elementor-widget-container\">\n\t\t\t\t\t\t\t\t\t\t\t\t\t\t\t<img fetchpriority=\"high\" decoding=\"async\" width=\"960\" height=\"330\" src=\"https:\/\/sacesa.es\/wp-content\/uploads\/2016\/11\/reestructuracion-sociedades.jpg\" class=\"attachment-large size-large wp-image-184\" alt=\"\" srcset=\"https:\/\/sacesa.es\/wp-content\/uploads\/2016\/11\/reestructuracion-sociedades.jpg 960w, https:\/\/sacesa.es\/wp-content\/uploads\/2016\/11\/reestructuracion-sociedades-300x103.jpg 300w, https:\/\/sacesa.es\/wp-content\/uploads\/2016\/11\/reestructuracion-sociedades-768x264.jpg 768w\" sizes=\"(max-width: 960px) 100vw, 960px\" \/>\t\t\t\t\t\t\t\t\t\t\t\t\t\t\t<\/div>\n\t\t\t\t<\/div>\n\t\t\t\t<div class=\"elementor-element elementor-element-e8224a8 elementor-widget elementor-widget-heading\" data-id=\"e8224a8\" data-element_type=\"widget\" data-e-type=\"widget\" data-widget_type=\"heading.default\">\n\t\t\t\t<div class=\"elementor-widget-container\">\n\t\t\t\t\t<h3 class=\"elementor-heading-title elementor-size-default\">GROUPS OF COMPANIES<br>\nRESTRUCTURING OPERATIONS<\/h3>\t\t\t\t<\/div>\n\t\t\t\t<\/div>\n\t\t\t\t<div class=\"elementor-element elementor-element-777f9f5 elementor-widget elementor-widget-text-editor\" data-id=\"777f9f5\" data-element_type=\"widget\" data-e-type=\"widget\" data-widget_type=\"text-editor.default\">\n\t\t\t\t<div class=\"elementor-widget-container\">\n\t\t\t\t\t\t\t\t\t<p>A group of legal, accounting and business economics professionals are in charge of covering the demand of our clients in everything related to corporate restructuring operations: Mergers, spin-offs, contributions of assets and branches of activity.<\/p><p>Likewise, we participate in the preparation and preparation of the consolidated annual accounts of our clients and advise them on the application of Spanish (PGC and NFCAC) and international (IFRS) regulations.<\/p><p>And all this in permanent contact with our corporate tax experts to analyze the previous circumstances (negative tax bases, temporary allocation of expenses and income, tax contingencies,...), the tax costs of each operation and possible more efficient alternatives.<\/p>\t\t\t\t\t\t\t\t<\/div>\n\t\t\t\t<\/div>\n\t\t\t\t<\/div>\n\t\t\t\t\t<\/div>\n\t\t\t\t<\/div>\n\t\t\t\t<\/div>","protected":false},"excerpt":{"rendered":"<p>IMPUESTO SOBRE SOCIEDADES GRUPOS DE SOCIEDADES OPERACIONES DE REESTRUCTURACI\u00d3N ECONOM\u00cdA FORENSE PROCEDIMIENTO TRIBUTARIO GRUPOS DE SOCIEDADES OPERACIONES DE REESTRUCTURACI\u00d3N Un grupo de profesionales del derecho, la contabilidad y la econom\u00eda de la empresa se encargan de cubrir la demanda de nuestros clientes en todo lo relativo a las operaciones de reestructuraci\u00f3n societaria: Fusiones, escisiones, aportaciones [&hellip;]<\/p>\n","protected":false},"author":1,"featured_media":0,"parent":0,"menu_order":0,"comment_status":"closed","ping_status":"closed","template":"","meta":{"site-sidebar-layout":"default","site-content-layout":"","ast-site-content-layout":"default","site-content-style":"default","site-sidebar-style":"default","ast-global-header-display":"","ast-banner-title-visibility":"","ast-main-header-display":"","ast-hfb-above-header-display":"","ast-hfb-below-header-display":"","ast-hfb-mobile-header-display":"","site-post-title":"","ast-breadcrumbs-content":"","ast-featured-img":"","footer-sml-layout":"","ast-disable-related-posts":"","theme-transparent-header-meta":"","adv-header-id-meta":"","stick-header-meta":"","header-above-stick-meta":"","header-main-stick-meta":"","header-below-stick-meta":"","astra-migrate-meta-layouts":"default","ast-page-background-enabled":"default","ast-page-background-meta":{"desktop":{"background-color":"var(--ast-global-color-4)","background-image":"","background-repeat":"repeat","background-position":"center center","background-size":"auto","background-attachment":"scroll","background-type":"","background-media":"","overlay-type":"","overlay-color":"","overlay-opacity":"","overlay-gradient":""},"tablet":{"background-color":"","background-image":"","background-repeat":"repeat","background-position":"center center","background-size":"auto","background-attachment":"scroll","background-type":"","background-media":"","overlay-type":"","overlay-color":"","overlay-opacity":"","overlay-gradient":""},"mobile":{"background-color":"","background-image":"","background-repeat":"repeat","background-position":"center center","background-size":"auto","background-attachment":"scroll","background-type":"","background-media":"","overlay-type":"","overlay-color":"","overlay-opacity":"","overlay-gradient":""}},"ast-content-background-meta":{"desktop":{"background-color":"var(--ast-global-color-5)","background-image":"","background-repeat":"repeat","background-position":"center center","background-size":"auto","background-attachment":"scroll","background-type":"","background-media":"","overlay-type":"","overlay-color":"","overlay-opacity":"","overlay-gradient":""},"tablet":{"background-color":"var(--ast-global-color-5)","background-image":"","background-repeat":"repeat","background-position":"center center","background-size":"auto","background-attachment":"scroll","background-type":"","background-media":"","overlay-type":"","overlay-color":"","overlay-opacity":"","overlay-gradient":""},"mobile":{"background-color":"var(--ast-global-color-5)","background-image":"","background-repeat":"repeat","background-position":"center center","background-size":"auto","background-attachment":"scroll","background-type":"","background-media":"","overlay-type":"","overlay-color":"","overlay-opacity":"","overlay-gradient":""}},"footnotes":""},"class_list":["post-101","page","type-page","status-publish","hentry"],"yoast_head":"<!-- This site is optimized with the Yoast SEO plugin v27.4 - https:\/\/yoast.com\/product\/yoast-seo-wordpress\/ -->\n<title>Grupos de sociedades - Operaciones de reestructuraci\u00f3n<\/title>\n<meta name=\"description\" content=\"Sacesa Consultores, consultor\u00eda para grupos de sociedades. Consulta nuestros servicios de consultor\u00eda a particulares y empresas.\" \/>\n<meta name=\"robots\" content=\"index, follow, max-snippet:-1, max-image-preview:large, max-video-preview:-1\" \/>\n<link rel=\"canonical\" href=\"https:\/\/sacesa.es\/en\/grupos-de-sociedades-operaciones-de-reestructuracion\/\" \/>\n<meta property=\"og:locale\" content=\"en_GB\" \/>\n<meta property=\"og:type\" content=\"article\" \/>\n<meta property=\"og:title\" content=\"Grupos de sociedades - Operaciones de reestructuraci\u00f3n\" \/>\n<meta property=\"og:description\" content=\"Sacesa Consultores, consultor\u00eda para grupos de sociedades. Consulta nuestros servicios de consultor\u00eda a particulares y empresas.\" \/>\n<meta property=\"og:url\" content=\"https:\/\/sacesa.es\/en\/grupos-de-sociedades-operaciones-de-reestructuracion\/\" \/>\n<meta property=\"og:site_name\" content=\"Sacesa\" \/>\n<meta property=\"article:modified_time\" content=\"2023-12-27T10:17:19+00:00\" \/>\n<meta property=\"og:image\" content=\"https:\/\/www.sacesa.es\/wp-content\/uploads\/2016\/11\/reestructuracion-sociedades.jpg\" \/>\n<meta name=\"twitter:card\" content=\"summary_large_image\" \/>\n<meta name=\"twitter:label1\" content=\"Estimated reading time\" \/>\n\t<meta name=\"twitter:data1\" content=\"1 minute\" \/>\n<script type=\"application\/ld+json\" class=\"yoast-schema-graph\">{\"@context\":\"https:\\\/\\\/schema.org\",\"@graph\":[{\"@type\":\"WebPage\",\"@id\":\"https:\\\/\\\/sacesa.es\\\/grupos-de-sociedades-operaciones-de-reestructuracion\\\/\",\"url\":\"https:\\\/\\\/sacesa.es\\\/grupos-de-sociedades-operaciones-de-reestructuracion\\\/\",\"name\":\"Grupos de sociedades - Operaciones de reestructuraci\u00f3n\",\"isPartOf\":{\"@id\":\"https:\\\/\\\/sacesa.es\\\/#website\"},\"primaryImageOfPage\":{\"@id\":\"https:\\\/\\\/sacesa.es\\\/grupos-de-sociedades-operaciones-de-reestructuracion\\\/#primaryimage\"},\"image\":{\"@id\":\"https:\\\/\\\/sacesa.es\\\/grupos-de-sociedades-operaciones-de-reestructuracion\\\/#primaryimage\"},\"thumbnailUrl\":\"https:\\\/\\\/www.sacesa.es\\\/wp-content\\\/uploads\\\/2016\\\/11\\\/reestructuracion-sociedades.jpg\",\"datePublished\":\"2016-11-28T09:09:33+00:00\",\"dateModified\":\"2023-12-27T10:17:19+00:00\",\"description\":\"Sacesa Consultores, consultor\u00eda para grupos de sociedades. Consulta nuestros servicios de consultor\u00eda a particulares y empresas.\",\"breadcrumb\":{\"@id\":\"https:\\\/\\\/sacesa.es\\\/grupos-de-sociedades-operaciones-de-reestructuracion\\\/#breadcrumb\"},\"inLanguage\":\"en-GB\",\"potentialAction\":[{\"@type\":\"ReadAction\",\"target\":[\"https:\\\/\\\/sacesa.es\\\/grupos-de-sociedades-operaciones-de-reestructuracion\\\/\"]}]},{\"@type\":\"ImageObject\",\"inLanguage\":\"en-GB\",\"@id\":\"https:\\\/\\\/sacesa.es\\\/grupos-de-sociedades-operaciones-de-reestructuracion\\\/#primaryimage\",\"url\":\"https:\\\/\\\/www.sacesa.es\\\/wp-content\\\/uploads\\\/2016\\\/11\\\/reestructuracion-sociedades.jpg\",\"contentUrl\":\"https:\\\/\\\/www.sacesa.es\\\/wp-content\\\/uploads\\\/2016\\\/11\\\/reestructuracion-sociedades.jpg\"},{\"@type\":\"BreadcrumbList\",\"@id\":\"https:\\\/\\\/sacesa.es\\\/grupos-de-sociedades-operaciones-de-reestructuracion\\\/#breadcrumb\",\"itemListElement\":[{\"@type\":\"ListItem\",\"position\":1,\"name\":\"Portada\",\"item\":\"https:\\\/\\\/sacesa.es\\\/\"},{\"@type\":\"ListItem\",\"position\":2,\"name\":\"GRUPOS DE SOCIEDADES OPERACIONES DE REESTRUCTURACI\u00d3N\"}]},{\"@type\":\"WebSite\",\"@id\":\"https:\\\/\\\/sacesa.es\\\/#website\",\"url\":\"https:\\\/\\\/sacesa.es\\\/\",\"name\":\"Sacesa\",\"description\":\"Consolidaci\u00f3n fiscal\",\"publisher\":{\"@id\":\"https:\\\/\\\/sacesa.es\\\/#organization\"},\"potentialAction\":[{\"@type\":\"SearchAction\",\"target\":{\"@type\":\"EntryPoint\",\"urlTemplate\":\"https:\\\/\\\/sacesa.es\\\/?s={search_term_string}\"},\"query-input\":{\"@type\":\"PropertyValueSpecification\",\"valueRequired\":true,\"valueName\":\"search_term_string\"}}],\"inLanguage\":\"en-GB\"},{\"@type\":\"Organization\",\"@id\":\"https:\\\/\\\/sacesa.es\\\/#organization\",\"name\":\"Sacesa\",\"url\":\"https:\\\/\\\/sacesa.es\\\/\",\"logo\":{\"@type\":\"ImageObject\",\"inLanguage\":\"en-GB\",\"@id\":\"https:\\\/\\\/sacesa.es\\\/#\\\/schema\\\/logo\\\/image\\\/\",\"url\":\"https:\\\/\\\/sacesa.es\\\/wp-content\\\/uploads\\\/2016\\\/12\\\/cropped-logo-sacesa-rev4-1.png\",\"contentUrl\":\"https:\\\/\\\/sacesa.es\\\/wp-content\\\/uploads\\\/2016\\\/12\\\/cropped-logo-sacesa-rev4-1.png\",\"width\":468,\"height\":156,\"caption\":\"Sacesa\"},\"image\":{\"@id\":\"https:\\\/\\\/sacesa.es\\\/#\\\/schema\\\/logo\\\/image\\\/\"}}]}<\/script>\n<!-- \/ Yoast SEO plugin. -->","yoast_head_json":{"title":"Groups of companies - Restructuring operations","description":"Sacesa Consultores, consulting for corporate groups. See our consulting services for individuals and businesses.","robots":{"index":"index","follow":"follow","max-snippet":"max-snippet:-1","max-image-preview":"max-image-preview:large","max-video-preview":"max-video-preview:-1"},"canonical":"https:\/\/sacesa.es\/en\/grupos-de-sociedades-operaciones-de-reestructuracion\/","og_locale":"en_GB","og_type":"article","og_title":"Grupos de sociedades - Operaciones de reestructuraci\u00f3n","og_description":"Sacesa Consultores, consultor\u00eda para grupos de sociedades. Consulta nuestros servicios de consultor\u00eda a particulares y empresas.","og_url":"https:\/\/sacesa.es\/en\/grupos-de-sociedades-operaciones-de-reestructuracion\/","og_site_name":"Sacesa","article_modified_time":"2023-12-27T10:17:19+00:00","og_image":[{"url":"https:\/\/www.sacesa.es\/wp-content\/uploads\/2016\/11\/reestructuracion-sociedades.jpg","type":"","width":"","height":""}],"twitter_card":"summary_large_image","twitter_misc":{"Estimated reading time":"1 minute"},"schema":{"@context":"https:\/\/schema.org","@graph":[{"@type":"WebPage","@id":"https:\/\/sacesa.es\/grupos-de-sociedades-operaciones-de-reestructuracion\/","url":"https:\/\/sacesa.es\/grupos-de-sociedades-operaciones-de-reestructuracion\/","name":"Groups of companies - Restructuring operations","isPartOf":{"@id":"https:\/\/sacesa.es\/#website"},"primaryImageOfPage":{"@id":"https:\/\/sacesa.es\/grupos-de-sociedades-operaciones-de-reestructuracion\/#primaryimage"},"image":{"@id":"https:\/\/sacesa.es\/grupos-de-sociedades-operaciones-de-reestructuracion\/#primaryimage"},"thumbnailUrl":"https:\/\/www.sacesa.es\/wp-content\/uploads\/2016\/11\/reestructuracion-sociedades.jpg","datePublished":"2016-11-28T09:09:33+00:00","dateModified":"2023-12-27T10:17:19+00:00","description":"Sacesa Consultores, consulting for corporate groups. See our consulting services for individuals and businesses.","breadcrumb":{"@id":"https:\/\/sacesa.es\/grupos-de-sociedades-operaciones-de-reestructuracion\/#breadcrumb"},"inLanguage":"en-GB","potentialAction":[{"@type":"ReadAction","target":["https:\/\/sacesa.es\/grupos-de-sociedades-operaciones-de-reestructuracion\/"]}]},{"@type":"ImageObject","inLanguage":"en-GB","@id":"https:\/\/sacesa.es\/grupos-de-sociedades-operaciones-de-reestructuracion\/#primaryimage","url":"https:\/\/www.sacesa.es\/wp-content\/uploads\/2016\/11\/reestructuracion-sociedades.jpg","contentUrl":"https:\/\/www.sacesa.es\/wp-content\/uploads\/2016\/11\/reestructuracion-sociedades.jpg"},{"@type":"BreadcrumbList","@id":"https:\/\/sacesa.es\/grupos-de-sociedades-operaciones-de-reestructuracion\/#breadcrumb","itemListElement":[{"@type":"ListItem","position":1,"name":"Portada","item":"https:\/\/sacesa.es\/"},{"@type":"ListItem","position":2,"name":"GRUPOS DE SOCIEDADES OPERACIONES DE REESTRUCTURACI\u00d3N"}]},{"@type":"WebSite","@id":"https:\/\/sacesa.es\/#website","url":"https:\/\/sacesa.es\/","name":"Sacesa","description":"Fiscal consolidation","publisher":{"@id":"https:\/\/sacesa.es\/#organization"},"potentialAction":[{"@type":"SearchAction","target":{"@type":"EntryPoint","urlTemplate":"https:\/\/sacesa.es\/?s={search_term_string}"},"query-input":{"@type":"PropertyValueSpecification","valueRequired":true,"valueName":"search_term_string"}}],"inLanguage":"en-GB"},{"@type":"Organization","@id":"https:\/\/sacesa.es\/#organization","name":"Sacesa","url":"https:\/\/sacesa.es\/","logo":{"@type":"ImageObject","inLanguage":"en-GB","@id":"https:\/\/sacesa.es\/#\/schema\/logo\/image\/","url":"https:\/\/sacesa.es\/wp-content\/uploads\/2016\/12\/cropped-logo-sacesa-rev4-1.png","contentUrl":"https:\/\/sacesa.es\/wp-content\/uploads\/2016\/12\/cropped-logo-sacesa-rev4-1.png","width":468,"height":156,"caption":"Sacesa"},"image":{"@id":"https:\/\/sacesa.es\/#\/schema\/logo\/image\/"}}]}},"_links":{"self":[{"href":"https:\/\/sacesa.es\/en\/wp-json\/wp\/v2\/pages\/101","targetHints":{"allow":["GET"]}}],"collection":[{"href":"https:\/\/sacesa.es\/en\/wp-json\/wp\/v2\/pages"}],"about":[{"href":"https:\/\/sacesa.es\/en\/wp-json\/wp\/v2\/types\/page"}],"author":[{"embeddable":true,"href":"https:\/\/sacesa.es\/en\/wp-json\/wp\/v2\/users\/1"}],"replies":[{"embeddable":true,"href":"https:\/\/sacesa.es\/en\/wp-json\/wp\/v2\/comments?post=101"}],"version-history":[{"count":0,"href":"https:\/\/sacesa.es\/en\/wp-json\/wp\/v2\/pages\/101\/revisions"}],"wp:attachment":[{"href":"https:\/\/sacesa.es\/en\/wp-json\/wp\/v2\/media?parent=101"}],"curies":[{"name":"wp","href":"https:\/\/api.w.org\/{rel}","templated":true}]}}