{"id":1688,"date":"2023-11-09T11:56:26","date_gmt":"2023-11-09T11:56:26","guid":{"rendered":"https:\/\/www.condescending-albattani.151-80-23-126.plesk.page\/?page_id=1688"},"modified":"2023-11-28T14:13:53","modified_gmt":"2023-11-28T14:13:53","slug":"mapa-web","status":"publish","type":"page","link":"http:\/\/sacesa.es\/en\/mapa-web\/","title":{"rendered":"WEB MAP"},"content":{"rendered":"<div data-elementor-type=\"wp-page\" data-elementor-id=\"1688\" class=\"elementor elementor-1688\" data-elementor-post-type=\"page\">\n\t\t\t\t<div class=\"elementor-element elementor-element-8d9b02b e-con-full e-flex e-con e-parent\" data-id=\"8d9b02b\" data-element_type=\"container\" data-e-type=\"container\">\n\t\t\t\t<div class=\"elementor-element elementor-element-a55dc26 elementor-widget__width-initial elementor-widget-tablet__width-initial elementor-widget elementor-widget-sitemap\" data-id=\"a55dc26\" data-element_type=\"widget\" data-e-type=\"widget\" data-widget_type=\"sitemap.default\">\n\t\t\t\t<div class=\"elementor-widget-container\">\n\t\t\t\t\t<div class=\"elementor-sitemap-wrap\"><div class=\"elementor-sitemap-section\"><h3 class=\"elementor-sitemap-title elementor-sitemap-page-title\">pages<\/h3><ul class=\"elementor-sitemap-list elementor-sitemap-page-list\"><li class=\"elementor-sitemap-item elementor-sitemap-item-page page_item page-item-1688 menu-item\"><a href=\"http:\/\/sacesa.es\/en\/mapa-web\/\" class=\"elementor-sitemap-item elementor-sitemap-item-page menu-link\">WEB MAP<\/a><\/li><li class=\"elementor-sitemap-item elementor-sitemap-item-page page_item page-item-136 menu-item\"><a href=\"http:\/\/sacesa.es\/en\/prodedimiento-tributario\/\" class=\"elementor-sitemap-item elementor-sitemap-item-page menu-link\">TAX PROCEDURE<\/a><\/li><li class=\"elementor-sitemap-item elementor-sitemap-item-page page_item page-item-126 menu-item\"><a href=\"http:\/\/sacesa.es\/en\/enlaces-de-interes\/\" class=\"elementor-sitemap-item elementor-sitemap-item-page menu-link\">LINKS<\/a><\/li><li class=\"elementor-sitemap-item elementor-sitemap-item-page page_item page-item-105 menu-item\"><a href=\"http:\/\/sacesa.es\/en\/economia-forense\/\" class=\"elementor-sitemap-item elementor-sitemap-item-page menu-link\">FORENSIC ECONOMY<\/a><\/li><li class=\"elementor-sitemap-item elementor-sitemap-item-page page_item page-item-103 menu-item\"><a href=\"http:\/\/sacesa.es\/en\/impuesto-sobre-sociedades\/\" class=\"elementor-sitemap-item elementor-sitemap-item-page menu-link\">CORPORATE TAX<\/a><\/li><li class=\"elementor-sitemap-item elementor-sitemap-item-page page_item page-item-101 menu-item\"><a href=\"http:\/\/sacesa.es\/en\/grupos-de-sociedades-operaciones-de-reestructuracion\/\" class=\"elementor-sitemap-item elementor-sitemap-item-page menu-link\">GROUPS OF COMPANIES RESTRUCTURING OPERATIONS<\/a><\/li><li class=\"elementor-sitemap-item elementor-sitemap-item-page page_item page-item-61 menu-item\"><a href=\"http:\/\/sacesa.es\/en\/politica-de-cookies\/\" class=\"elementor-sitemap-item elementor-sitemap-item-page menu-link\">COOKIES POLICY<\/a><\/li><li class=\"elementor-sitemap-item elementor-sitemap-item-page page_item page-item-58 menu-item\"><a href=\"http:\/\/sacesa.es\/en\/politica-de-privacidad\/\" class=\"elementor-sitemap-item elementor-sitemap-item-page menu-link\">PRIVACY POLICY<\/a><\/li><li class=\"elementor-sitemap-item elementor-sitemap-item-page page_item page-item-54 menu-item\"><a href=\"http:\/\/sacesa.es\/en\/aviso-legal\/\" class=\"elementor-sitemap-item elementor-sitemap-item-page menu-link\">LEGAL WARNING<\/a><\/li><li class=\"elementor-sitemap-item elementor-sitemap-item-page page_item page-item-35 current_page_parent menu-item current-menu-parent\"><a href=\"http:\/\/sacesa.es\/en\/blog\/\" class=\"elementor-sitemap-item elementor-sitemap-item-page menu-link\">BLOG<\/a><\/li><li class=\"elementor-sitemap-item elementor-sitemap-item-page page_item page-item-23 menu-item\"><a href=\"http:\/\/sacesa.es\/en\/contacto\/\" class=\"elementor-sitemap-item elementor-sitemap-item-page menu-link\">CONTACT<\/a><\/li><li class=\"elementor-sitemap-item elementor-sitemap-item-page page_item page-item-19 menu-item\"><a href=\"http:\/\/sacesa.es\/en\/areas-especializacion\/\" class=\"elementor-sitemap-item elementor-sitemap-item-page menu-link\">AREAS OF SPECIALIZATION<\/a><\/li><li class=\"elementor-sitemap-item elementor-sitemap-item-page page_item page-item-17 menu-item\"><a href=\"http:\/\/sacesa.es\/en\/quienes-somos\/\" class=\"elementor-sitemap-item elementor-sitemap-item-page menu-link\">ABOUT US<\/a><\/li><li class=\"elementor-sitemap-item elementor-sitemap-item-page page_item page-item-15 menu-item\"><a href=\"http:\/\/sacesa.es\/en\/\" class=\"elementor-sitemap-item elementor-sitemap-item-page menu-link\">BUSINESS CONSULTING<\/a><\/li><\/ul><\/div><div class=\"elementor-sitemap-section\"><h3 class=\"elementor-sitemap-title elementor-sitemap-category-title\">Categories<\/h3><ul class=\"elementor-sitemap-list elementor-sitemap-category-list\">\t<li class=\"elementor-sitemap-item elementor-sitemap-item-category cat-item cat-item-3\"><a href=\"http:\/\/sacesa.es\/en\/category\/impuesto-sobre-sociedades\/\">Corporate tax<\/a>\n<\/li>\n<\/ul><\/div><\/div>\t\t\t\t<\/div>\n\t\t\t\t<\/div>\n\t\t\t\t<div class=\"elementor-element elementor-element-b06b48b elementor-widget elementor-widget-heading\" data-id=\"b06b48b\" data-element_type=\"widget\" data-e-type=\"widget\" data-widget_type=\"heading.default\">\n\t\t\t\t<div class=\"elementor-widget-container\">\n\t\t\t\t\t<h3 class=\"elementor-heading-title elementor-size-default\">WEB MAP<\/h3>\t\t\t\t<\/div>\n\t\t\t\t<\/div>\n\t\t\t\t<\/div>\n\t\t\t\t<\/div>","protected":false},"excerpt":{"rendered":"<p>WEB MAP<\/p>","protected":false},"author":1,"featured_media":0,"parent":0,"menu_order":0,"comment_status":"closed","ping_status":"closed","template":"","meta":{"site-sidebar-layout":"no-sidebar","site-content-layout":"","ast-site-content-layout":"full-width-container","site-content-style":"default","site-sidebar-style":"default","ast-global-header-display":"","ast-banner-title-visibility":"","ast-main-header-display":"","ast-hfb-above-header-display":"","ast-hfb-below-header-display":"","ast-hfb-mobile-header-display":"","site-post-title":"disabled","ast-breadcrumbs-content":"","ast-featured-img":"disabled","footer-sml-layout":"","ast-disable-related-posts":"","theme-transparent-header-meta":"","adv-header-id-meta":"","stick-header-meta":"","header-above-stick-meta":"","header-main-stick-meta":"","header-below-stick-meta":"","astra-migrate-meta-layouts":"default","ast-page-background-enabled":"default","ast-page-background-meta":{"desktop":{"background-color":"var(--ast-global-color-4)","background-image":"","background-repeat":"repeat","background-position":"center center","background-size":"auto","background-attachment":"scroll","background-type":"","background-media":"","overlay-type":"","overlay-color":"","overlay-opacity":"","overlay-gradient":""},"tablet":{"background-color":"","background-image":"","background-repeat":"repeat","background-position":"center center","background-size":"auto","background-attachment":"scroll","background-type":"","background-media":"","overlay-type":"","overlay-color":"","overlay-opacity":"","overlay-gradient":""},"mobile":{"background-color":"","background-image":"","background-repeat":"repeat","background-position":"center center","background-size":"auto","background-attachment":"scroll","background-type":"","background-media":"","overlay-type":"","overlay-color":"","overlay-opacity":"","overlay-gradient":""}},"ast-content-background-meta":{"desktop":{"background-color":"var(--ast-global-color-5)","background-image":"","background-repeat":"repeat","background-position":"center center","background-size":"auto","background-attachment":"scroll","background-type":"","background-media":"","overlay-type":"","overlay-color":"","overlay-opacity":"","overlay-gradient":""},"tablet":{"background-color":"var(--ast-global-color-5)","background-image":"","background-repeat":"repeat","background-position":"center center","background-size":"auto","background-attachment":"scroll","background-type":"","background-media":"","overlay-type":"","overlay-color":"","overlay-opacity":"","overlay-gradient":""},"mobile":{"background-color":"var(--ast-global-color-5)","background-image":"","background-repeat":"repeat","background-position":"center center","background-size":"auto","background-attachment":"scroll","background-type":"","background-media":"","overlay-type":"","overlay-color":"","overlay-opacity":"","overlay-gradient":""}},"footnotes":""},"class_list":["post-1688","page","type-page","status-publish","hentry"],"yoast_head":"<!-- This site is optimized with the Yoast SEO plugin v27.4 - https:\/\/yoast.com\/product\/yoast-seo-wordpress\/ -->\n<title>MAPA WEB - Sacesa<\/title>\n<meta name=\"description\" content=\"Mapa web de Sacesa consultores, empresa de consultor\u00eda de empresas con m\u00e1s de 30 a\u00f1os de experiencia, consulta nuestros servicios.\" \/>\n<meta name=\"robots\" content=\"index, follow, max-snippet:-1, max-image-preview:large, max-video-preview:-1\" \/>\n<link rel=\"canonical\" href=\"https:\/\/sacesa.es\/en\/mapa-web\/\" \/>\n<meta property=\"og:locale\" content=\"en_GB\" \/>\n<meta property=\"og:type\" content=\"article\" \/>\n<meta property=\"og:title\" content=\"MAPA WEB - Sacesa\" \/>\n<meta property=\"og:description\" content=\"Mapa web de Sacesa consultores, empresa de consultor\u00eda de empresas con m\u00e1s de 30 a\u00f1os de experiencia, consulta nuestros servicios.\" \/>\n<meta property=\"og:url\" content=\"https:\/\/sacesa.es\/en\/mapa-web\/\" \/>\n<meta property=\"og:site_name\" content=\"Sacesa\" \/>\n<meta property=\"article:modified_time\" content=\"2023-11-28T14:13:53+00:00\" \/>\n<meta name=\"twitter:card\" content=\"summary_large_image\" \/>\n<meta name=\"twitter:label1\" content=\"Estimated reading time\" \/>\n\t<meta name=\"twitter:data1\" content=\"1 minute\" \/>\n<script type=\"application\/ld+json\" class=\"yoast-schema-graph\">{\"@context\":\"https:\\\/\\\/schema.org\",\"@graph\":[{\"@type\":\"WebPage\",\"@id\":\"https:\\\/\\\/sacesa.es\\\/mapa-web\\\/\",\"url\":\"https:\\\/\\\/sacesa.es\\\/mapa-web\\\/\",\"name\":\"MAPA WEB - Sacesa\",\"isPartOf\":{\"@id\":\"https:\\\/\\\/sacesa.es\\\/#website\"},\"datePublished\":\"2023-11-09T11:56:26+00:00\",\"dateModified\":\"2023-11-28T14:13:53+00:00\",\"description\":\"Mapa web de Sacesa consultores, empresa de consultor\u00eda de empresas con m\u00e1s de 30 a\u00f1os de experiencia, consulta nuestros servicios.\",\"breadcrumb\":{\"@id\":\"https:\\\/\\\/sacesa.es\\\/mapa-web\\\/#breadcrumb\"},\"inLanguage\":\"en-GB\",\"potentialAction\":[{\"@type\":\"ReadAction\",\"target\":[\"https:\\\/\\\/sacesa.es\\\/mapa-web\\\/\"]}]},{\"@type\":\"BreadcrumbList\",\"@id\":\"https:\\\/\\\/sacesa.es\\\/mapa-web\\\/#breadcrumb\",\"itemListElement\":[{\"@type\":\"ListItem\",\"position\":1,\"name\":\"Portada\",\"item\":\"https:\\\/\\\/sacesa.es\\\/\"},{\"@type\":\"ListItem\",\"position\":2,\"name\":\"MAPA WEB\"}]},{\"@type\":\"WebSite\",\"@id\":\"https:\\\/\\\/sacesa.es\\\/#website\",\"url\":\"https:\\\/\\\/sacesa.es\\\/\",\"name\":\"Sacesa\",\"description\":\"Consolidaci\u00f3n fiscal\",\"publisher\":{\"@id\":\"https:\\\/\\\/sacesa.es\\\/#organization\"},\"potentialAction\":[{\"@type\":\"SearchAction\",\"target\":{\"@type\":\"EntryPoint\",\"urlTemplate\":\"https:\\\/\\\/sacesa.es\\\/?s={search_term_string}\"},\"query-input\":{\"@type\":\"PropertyValueSpecification\",\"valueRequired\":true,\"valueName\":\"search_term_string\"}}],\"inLanguage\":\"en-GB\"},{\"@type\":\"Organization\",\"@id\":\"https:\\\/\\\/sacesa.es\\\/#organization\",\"name\":\"Sacesa\",\"url\":\"https:\\\/\\\/sacesa.es\\\/\",\"logo\":{\"@type\":\"ImageObject\",\"inLanguage\":\"en-GB\",\"@id\":\"https:\\\/\\\/sacesa.es\\\/#\\\/schema\\\/logo\\\/image\\\/\",\"url\":\"https:\\\/\\\/sacesa.es\\\/wp-content\\\/uploads\\\/2016\\\/12\\\/cropped-logo-sacesa-rev4-1.png\",\"contentUrl\":\"https:\\\/\\\/sacesa.es\\\/wp-content\\\/uploads\\\/2016\\\/12\\\/cropped-logo-sacesa-rev4-1.png\",\"width\":468,\"height\":156,\"caption\":\"Sacesa\"},\"image\":{\"@id\":\"https:\\\/\\\/sacesa.es\\\/#\\\/schema\\\/logo\\\/image\\\/\"}}]}<\/script>\n<!-- \/ Yoast SEO plugin. -->","yoast_head_json":{"title":"SITE MAP - Sacesa","description":"Site map of Sacesa consultants, a business consulting firm with over 30 years of experience, check out our services.","robots":{"index":"index","follow":"follow","max-snippet":"max-snippet:-1","max-image-preview":"max-image-preview:large","max-video-preview":"max-video-preview:-1"},"canonical":"https:\/\/sacesa.es\/en\/mapa-web\/","og_locale":"en_GB","og_type":"article","og_title":"MAPA WEB - Sacesa","og_description":"Mapa web de Sacesa consultores, empresa de consultor\u00eda de empresas con m\u00e1s de 30 a\u00f1os de experiencia, consulta nuestros servicios.","og_url":"https:\/\/sacesa.es\/en\/mapa-web\/","og_site_name":"Sacesa","article_modified_time":"2023-11-28T14:13:53+00:00","twitter_card":"summary_large_image","twitter_misc":{"Estimated reading time":"1 minute"},"schema":{"@context":"https:\/\/schema.org","@graph":[{"@type":"WebPage","@id":"https:\/\/sacesa.es\/mapa-web\/","url":"https:\/\/sacesa.es\/mapa-web\/","name":"SITE MAP - Sacesa","isPartOf":{"@id":"https:\/\/sacesa.es\/#website"},"datePublished":"2023-11-09T11:56:26+00:00","dateModified":"2023-11-28T14:13:53+00:00","description":"Site map of Sacesa consultants, a business consulting firm with over 30 years of experience, check out our services.","breadcrumb":{"@id":"https:\/\/sacesa.es\/mapa-web\/#breadcrumb"},"inLanguage":"en-GB","potentialAction":[{"@type":"ReadAction","target":["https:\/\/sacesa.es\/mapa-web\/"]}]},{"@type":"BreadcrumbList","@id":"https:\/\/sacesa.es\/mapa-web\/#breadcrumb","itemListElement":[{"@type":"ListItem","position":1,"name":"Portada","item":"https:\/\/sacesa.es\/"},{"@type":"ListItem","position":2,"name":"MAPA WEB"}]},{"@type":"WebSite","@id":"https:\/\/sacesa.es\/#website","url":"https:\/\/sacesa.es\/","name":"Sacesa","description":"Fiscal consolidation","publisher":{"@id":"https:\/\/sacesa.es\/#organization"},"potentialAction":[{"@type":"SearchAction","target":{"@type":"EntryPoint","urlTemplate":"https:\/\/sacesa.es\/?s={search_term_string}"},"query-input":{"@type":"PropertyValueSpecification","valueRequired":true,"valueName":"search_term_string"}}],"inLanguage":"en-GB"},{"@type":"Organization","@id":"https:\/\/sacesa.es\/#organization","name":"Sacesa","url":"https:\/\/sacesa.es\/","logo":{"@type":"ImageObject","inLanguage":"en-GB","@id":"https:\/\/sacesa.es\/#\/schema\/logo\/image\/","url":"https:\/\/sacesa.es\/wp-content\/uploads\/2016\/12\/cropped-logo-sacesa-rev4-1.png","contentUrl":"https:\/\/sacesa.es\/wp-content\/uploads\/2016\/12\/cropped-logo-sacesa-rev4-1.png","width":468,"height":156,"caption":"Sacesa"},"image":{"@id":"https:\/\/sacesa.es\/#\/schema\/logo\/image\/"}}]}},"_links":{"self":[{"href":"http:\/\/sacesa.es\/en\/wp-json\/wp\/v2\/pages\/1688","targetHints":{"allow":["GET"]}}],"collection":[{"href":"http:\/\/sacesa.es\/en\/wp-json\/wp\/v2\/pages"}],"about":[{"href":"http:\/\/sacesa.es\/en\/wp-json\/wp\/v2\/types\/page"}],"author":[{"embeddable":true,"href":"http:\/\/sacesa.es\/en\/wp-json\/wp\/v2\/users\/1"}],"replies":[{"embeddable":true,"href":"http:\/\/sacesa.es\/en\/wp-json\/wp\/v2\/comments?post=1688"}],"version-history":[{"count":0,"href":"http:\/\/sacesa.es\/en\/wp-json\/wp\/v2\/pages\/1688\/revisions"}],"wp:attachment":[{"href":"http:\/\/sacesa.es\/en\/wp-json\/wp\/v2\/media?parent=1688"}],"curies":[{"name":"wp","href":"https:\/\/api.w.org\/{rel}","templated":true}]}}