{"id":136,"date":"2016-12-21T18:13:41","date_gmt":"2016-12-21T18:13:41","guid":{"rendered":"http:\/\/sacesa.es\/?page_id=136"},"modified":"2023-12-27T10:18:02","modified_gmt":"2023-12-27T10:18:02","slug":"prodedimiento-tributario","status":"publish","type":"page","link":"http:\/\/sacesa.es\/en\/prodedimiento-tributario\/","title":{"rendered":"TAX PROCEDURE"},"content":{"rendered":"<div data-elementor-type=\"wp-page\" data-elementor-id=\"136\" class=\"elementor elementor-136\" data-elementor-post-type=\"page\">\n\t\t\t\t<div class=\"elementor-element elementor-element-979c5d6 e-flex e-con-boxed e-con e-parent\" data-id=\"979c5d6\" data-element_type=\"container\" data-e-type=\"container\">\n\t\t\t\t\t<div class=\"e-con-inner\">\n\t\t<div class=\"elementor-element elementor-element-e8c345e e-con-full e-flex e-con e-child\" data-id=\"e8c345e\" data-element_type=\"container\" data-e-type=\"container\">\n\t\t<div class=\"elementor-element elementor-element-5fa55ce e-con-full elementor-hidden-mobile e-flex e-con e-child\" data-id=\"5fa55ce\" data-element_type=\"container\" data-e-type=\"container\">\n\t\t\t\t<div class=\"elementor-element elementor-element-6100072 elementor-align-end elementor-icon-list--layout-traditional elementor-list-item-link-full_width elementor-widget elementor-widget-icon-list\" data-id=\"6100072\" data-element_type=\"widget\" data-e-type=\"widget\" data-widget_type=\"icon-list.default\">\n\t\t\t\t<div class=\"elementor-widget-container\">\n\t\t\t\t\t\t\t<ul class=\"elementor-icon-list-items\">\n\t\t\t\t\t\t\t<li class=\"elementor-icon-list-item\">\n\t\t\t\t\t\t\t\t\t\t\t<a href=\"http:\/\/sacesa.es\/en\/impuesto-sobre-sociedades\/\">\n\n\t\t\t\t\t\t\t\t\t\t\t<span class=\"elementor-icon-list-text\">CORPORATE TAX<\/span>\n\t\t\t\t\t\t\t\t\t\t\t<\/a>\n\t\t\t\t\t\t\t\t\t<\/li>\n\t\t\t\t\t\t<\/ul>\n\t\t\t\t\t\t<\/div>\n\t\t\t\t<\/div>\n\t\t\t\t<div class=\"elementor-element elementor-element-a64ee33 elementor-align-end elementor-icon-list--layout-traditional elementor-list-item-link-full_width elementor-widget elementor-widget-icon-list\" data-id=\"a64ee33\" data-element_type=\"widget\" data-e-type=\"widget\" data-widget_type=\"icon-list.default\">\n\t\t\t\t<div class=\"elementor-widget-container\">\n\t\t\t\t\t\t\t<ul class=\"elementor-icon-list-items\">\n\t\t\t\t\t\t\t<li class=\"elementor-icon-list-item\">\n\t\t\t\t\t\t\t\t\t\t\t<a href=\"http:\/\/sacesa.es\/en\/grupos-de-sociedades-operaciones-de-reestructuracion\/\">\n\n\t\t\t\t\t\t\t\t\t\t\t<span class=\"elementor-icon-list-text\">GROUPS OF COMPANIES <br> RESTRUCTURING OPERATIONS<\/span>\n\t\t\t\t\t\t\t\t\t\t\t<\/a>\n\t\t\t\t\t\t\t\t\t<\/li>\n\t\t\t\t\t\t<\/ul>\n\t\t\t\t\t\t<\/div>\n\t\t\t\t<\/div>\n\t\t\t\t<div class=\"elementor-element elementor-element-2717e7c elementor-align-end elementor-icon-list--layout-traditional elementor-list-item-link-full_width elementor-widget elementor-widget-icon-list\" data-id=\"2717e7c\" data-element_type=\"widget\" data-e-type=\"widget\" data-widget_type=\"icon-list.default\">\n\t\t\t\t<div class=\"elementor-widget-container\">\n\t\t\t\t\t\t\t<ul class=\"elementor-icon-list-items\">\n\t\t\t\t\t\t\t<li class=\"elementor-icon-list-item\">\n\t\t\t\t\t\t\t\t\t\t\t<a href=\"http:\/\/sacesa.es\/en\/economia-forense\/\">\n\n\t\t\t\t\t\t\t\t\t\t\t<span class=\"elementor-icon-list-text\">FORENSIC ECONOMY<\/span>\n\t\t\t\t\t\t\t\t\t\t\t<\/a>\n\t\t\t\t\t\t\t\t\t<\/li>\n\t\t\t\t\t\t<\/ul>\n\t\t\t\t\t\t<\/div>\n\t\t\t\t<\/div>\n\t\t\t\t<div class=\"elementor-element elementor-element-a07cea4 elementor-align-end elementor-icon-list--layout-traditional elementor-list-item-link-full_width elementor-widget elementor-widget-icon-list\" data-id=\"a07cea4\" data-element_type=\"widget\" data-e-type=\"widget\" data-widget_type=\"icon-list.default\">\n\t\t\t\t<div class=\"elementor-widget-container\">\n\t\t\t\t\t\t\t<ul class=\"elementor-icon-list-items\">\n\t\t\t\t\t\t\t<li class=\"elementor-icon-list-item\">\n\t\t\t\t\t\t\t\t\t\t\t<a href=\"http:\/\/sacesa.es\/en\/prodedimiento-tributario\/\">\n\n\t\t\t\t\t\t\t\t\t\t\t<span class=\"elementor-icon-list-text\">TAX PROCEDURE<\/span>\n\t\t\t\t\t\t\t\t\t\t\t<\/a>\n\t\t\t\t\t\t\t\t\t<\/li>\n\t\t\t\t\t\t<\/ul>\n\t\t\t\t\t\t<\/div>\n\t\t\t\t<\/div>\n\t\t\t\t<\/div>\n\t\t\t\t<\/div>\n\t\t<div class=\"elementor-element elementor-element-b497ebf e-con-full e-flex e-con e-child\" data-id=\"b497ebf\" data-element_type=\"container\" data-e-type=\"container\">\n\t\t\t\t<div class=\"elementor-element elementor-element-19fbea1 elementor-widget__width-initial elementor-widget elementor-widget-image\" data-id=\"19fbea1\" data-element_type=\"widget\" data-e-type=\"widget\" data-widget_type=\"image.default\">\n\t\t\t\t<div class=\"elementor-widget-container\">\n\t\t\t\t\t\t\t\t\t\t\t\t\t\t\t<img fetchpriority=\"high\" decoding=\"async\" width=\"960\" height=\"330\" src=\"https:\/\/sacesa.es\/wp-content\/uploads\/2016\/12\/planificacion-tributaria.jpg\" class=\"attachment-large size-large wp-image-177\" alt=\"\" srcset=\"https:\/\/sacesa.es\/wp-content\/uploads\/2016\/12\/planificacion-tributaria.jpg 960w, https:\/\/sacesa.es\/wp-content\/uploads\/2016\/12\/planificacion-tributaria-300x103.jpg 300w, https:\/\/sacesa.es\/wp-content\/uploads\/2016\/12\/planificacion-tributaria-768x264.jpg 768w\" sizes=\"(max-width: 960px) 100vw, 960px\" \/>\t\t\t\t\t\t\t\t\t\t\t\t\t\t\t<\/div>\n\t\t\t\t<\/div>\n\t\t\t\t<div class=\"elementor-element elementor-element-0a10ff4 elementor-widget elementor-widget-heading\" data-id=\"0a10ff4\" data-element_type=\"widget\" data-e-type=\"widget\" data-widget_type=\"heading.default\">\n\t\t\t\t<div class=\"elementor-widget-container\">\n\t\t\t\t\t<h3 class=\"elementor-heading-title elementor-size-default\">TAX PROCEDURE<\/h3>\t\t\t\t<\/div>\n\t\t\t\t<\/div>\n\t\t\t\t<div class=\"elementor-element elementor-element-c0976fa elementor-widget elementor-widget-text-editor\" data-id=\"c0976fa\" data-element_type=\"widget\" data-e-type=\"widget\" data-widget_type=\"text-editor.default\">\n\t\t\t\t<div class=\"elementor-widget-container\">\n\t\t\t\t\t\t\t\t\t<p>Our specialists in tax and administrative law are responsible for advising, raising, drafting, presenting and following up on appropriate claims to defend other reasonable interpretations of the tax regulations other than those published or applied by the Administration (AEAT, DGT,...).<\/p><p>These services are available at any time in the administered-administration relationship, that is, for management, inspection, collection, sanctioning procedures, and for economic-administrative and jurisdictional claims (contentious-administrative).<\/p>\t\t\t\t\t\t\t\t<\/div>\n\t\t\t\t<\/div>\n\t\t\t\t<\/div>\n\t\t\t\t\t<\/div>\n\t\t\t\t<\/div>\n\t\t\t\t<\/div>","protected":false},"excerpt":{"rendered":"<p>IMPUESTO SOBRE SOCIEDADES GRUPOS DE SOCIEDADES OPERACIONES DE REESTRUCTURACI\u00d3N ECONOM\u00cdA FORENSE PROCEDIMIENTO TRIBUTARIO PROCEDIMIENTO TRIBUTARIO Nuestros especialistas en derecho tributario y administrativo se ocupan de asesorar, plantear, redactar, presentar y seguir las reclamaciones que procedan para defender otras interpretaciones razonables de la norma tributaria diferentes a las publicadas o aplicadas por la Administraci\u00f3n (AEAT, DGT, [&hellip;]<\/p>\n","protected":false},"author":1,"featured_media":0,"parent":0,"menu_order":0,"comment_status":"closed","ping_status":"closed","template":"","meta":{"site-sidebar-layout":"default","site-content-layout":"","ast-site-content-layout":"default","site-content-style":"default","site-sidebar-style":"default","ast-global-header-display":"","ast-banner-title-visibility":"","ast-main-header-display":"","ast-hfb-above-header-display":"","ast-hfb-below-header-display":"","ast-hfb-mobile-header-display":"","site-post-title":"","ast-breadcrumbs-content":"","ast-featured-img":"","footer-sml-layout":"","ast-disable-related-posts":"","theme-transparent-header-meta":"","adv-header-id-meta":"","stick-header-meta":"","header-above-stick-meta":"","header-main-stick-meta":"","header-below-stick-meta":"","astra-migrate-meta-layouts":"default","ast-page-background-enabled":"default","ast-page-background-meta":{"desktop":{"background-color":"var(--ast-global-color-4)","background-image":"","background-repeat":"repeat","background-position":"center center","background-size":"auto","background-attachment":"scroll","background-type":"","background-media":"","overlay-type":"","overlay-color":"","overlay-opacity":"","overlay-gradient":""},"tablet":{"background-color":"","background-image":"","background-repeat":"repeat","background-position":"center center","background-size":"auto","background-attachment":"scroll","background-type":"","background-media":"","overlay-type":"","overlay-color":"","overlay-opacity":"","overlay-gradient":""},"mobile":{"background-color":"","background-image":"","background-repeat":"repeat","background-position":"center center","background-size":"auto","background-attachment":"scroll","background-type":"","background-media":"","overlay-type":"","overlay-color":"","overlay-opacity":"","overlay-gradient":""}},"ast-content-background-meta":{"desktop":{"background-color":"var(--ast-global-color-5)","background-image":"","background-repeat":"repeat","background-position":"center center","background-size":"auto","background-attachment":"scroll","background-type":"","background-media":"","overlay-type":"","overlay-color":"","overlay-opacity":"","overlay-gradient":""},"tablet":{"background-color":"var(--ast-global-color-5)","background-image":"","background-repeat":"repeat","background-position":"center center","background-size":"auto","background-attachment":"scroll","background-type":"","background-media":"","overlay-type":"","overlay-color":"","overlay-opacity":"","overlay-gradient":""},"mobile":{"background-color":"var(--ast-global-color-5)","background-image":"","background-repeat":"repeat","background-position":"center center","background-size":"auto","background-attachment":"scroll","background-type":"","background-media":"","overlay-type":"","overlay-color":"","overlay-opacity":"","overlay-gradient":""}},"footnotes":""},"class_list":["post-136","page","type-page","status-publish","hentry"],"yoast_head":"<!-- This site is optimized with the Yoast SEO plugin v27.4 - https:\/\/yoast.com\/product\/yoast-seo-wordpress\/ -->\n<title>PROCEDIMIENTO TRIBUTARIO - Sacesa<\/title>\n<meta name=\"description\" content=\"Sacesa Consultores, empresa especializada en la gesti\u00f3n de procedimiento tributario en Madrid, con m\u00e1s de 30 a\u00f1os de experiencia.\" \/>\n<meta name=\"robots\" content=\"index, follow, max-snippet:-1, max-image-preview:large, max-video-preview:-1\" \/>\n<link rel=\"canonical\" href=\"https:\/\/sacesa.es\/en\/prodedimiento-tributario\/\" \/>\n<meta property=\"og:locale\" content=\"en_GB\" \/>\n<meta property=\"og:type\" content=\"article\" \/>\n<meta property=\"og:title\" content=\"PROCEDIMIENTO TRIBUTARIO - Sacesa\" \/>\n<meta property=\"og:description\" content=\"Sacesa Consultores, empresa especializada en la gesti\u00f3n de procedimiento tributario en Madrid, con m\u00e1s de 30 a\u00f1os de experiencia.\" \/>\n<meta property=\"og:url\" content=\"https:\/\/sacesa.es\/en\/prodedimiento-tributario\/\" \/>\n<meta property=\"og:site_name\" content=\"Sacesa\" \/>\n<meta property=\"article:modified_time\" content=\"2023-12-27T10:18:02+00:00\" \/>\n<meta property=\"og:image\" content=\"https:\/\/www.sacesa.es\/wp-content\/uploads\/2016\/12\/planificacion-tributaria.jpg\" \/>\n<meta name=\"twitter:card\" content=\"summary_large_image\" \/>\n<meta name=\"twitter:label1\" content=\"Estimated reading time\" \/>\n\t<meta name=\"twitter:data1\" content=\"1 minute\" \/>\n<script type=\"application\/ld+json\" class=\"yoast-schema-graph\">{\"@context\":\"https:\\\/\\\/schema.org\",\"@graph\":[{\"@type\":\"WebPage\",\"@id\":\"https:\\\/\\\/sacesa.es\\\/prodedimiento-tributario\\\/\",\"url\":\"https:\\\/\\\/sacesa.es\\\/prodedimiento-tributario\\\/\",\"name\":\"PROCEDIMIENTO TRIBUTARIO - Sacesa\",\"isPartOf\":{\"@id\":\"https:\\\/\\\/sacesa.es\\\/#website\"},\"primaryImageOfPage\":{\"@id\":\"https:\\\/\\\/sacesa.es\\\/prodedimiento-tributario\\\/#primaryimage\"},\"image\":{\"@id\":\"https:\\\/\\\/sacesa.es\\\/prodedimiento-tributario\\\/#primaryimage\"},\"thumbnailUrl\":\"https:\\\/\\\/www.sacesa.es\\\/wp-content\\\/uploads\\\/2016\\\/12\\\/planificacion-tributaria.jpg\",\"datePublished\":\"2016-12-21T18:13:41+00:00\",\"dateModified\":\"2023-12-27T10:18:02+00:00\",\"description\":\"Sacesa Consultores, empresa especializada en la gesti\u00f3n de procedimiento tributario en Madrid, con m\u00e1s de 30 a\u00f1os de experiencia.\",\"breadcrumb\":{\"@id\":\"https:\\\/\\\/sacesa.es\\\/prodedimiento-tributario\\\/#breadcrumb\"},\"inLanguage\":\"en-GB\",\"potentialAction\":[{\"@type\":\"ReadAction\",\"target\":[\"https:\\\/\\\/sacesa.es\\\/prodedimiento-tributario\\\/\"]}]},{\"@type\":\"ImageObject\",\"inLanguage\":\"en-GB\",\"@id\":\"https:\\\/\\\/sacesa.es\\\/prodedimiento-tributario\\\/#primaryimage\",\"url\":\"https:\\\/\\\/www.sacesa.es\\\/wp-content\\\/uploads\\\/2016\\\/12\\\/planificacion-tributaria.jpg\",\"contentUrl\":\"https:\\\/\\\/www.sacesa.es\\\/wp-content\\\/uploads\\\/2016\\\/12\\\/planificacion-tributaria.jpg\"},{\"@type\":\"BreadcrumbList\",\"@id\":\"https:\\\/\\\/sacesa.es\\\/prodedimiento-tributario\\\/#breadcrumb\",\"itemListElement\":[{\"@type\":\"ListItem\",\"position\":1,\"name\":\"Portada\",\"item\":\"https:\\\/\\\/sacesa.es\\\/\"},{\"@type\":\"ListItem\",\"position\":2,\"name\":\"PROCEDIMIENTO TRIBUTARIO\"}]},{\"@type\":\"WebSite\",\"@id\":\"https:\\\/\\\/sacesa.es\\\/#website\",\"url\":\"https:\\\/\\\/sacesa.es\\\/\",\"name\":\"Sacesa\",\"description\":\"Consolidaci\u00f3n fiscal\",\"publisher\":{\"@id\":\"https:\\\/\\\/sacesa.es\\\/#organization\"},\"potentialAction\":[{\"@type\":\"SearchAction\",\"target\":{\"@type\":\"EntryPoint\",\"urlTemplate\":\"https:\\\/\\\/sacesa.es\\\/?s={search_term_string}\"},\"query-input\":{\"@type\":\"PropertyValueSpecification\",\"valueRequired\":true,\"valueName\":\"search_term_string\"}}],\"inLanguage\":\"en-GB\"},{\"@type\":\"Organization\",\"@id\":\"https:\\\/\\\/sacesa.es\\\/#organization\",\"name\":\"Sacesa\",\"url\":\"https:\\\/\\\/sacesa.es\\\/\",\"logo\":{\"@type\":\"ImageObject\",\"inLanguage\":\"en-GB\",\"@id\":\"https:\\\/\\\/sacesa.es\\\/#\\\/schema\\\/logo\\\/image\\\/\",\"url\":\"https:\\\/\\\/sacesa.es\\\/wp-content\\\/uploads\\\/2016\\\/12\\\/cropped-logo-sacesa-rev4-1.png\",\"contentUrl\":\"https:\\\/\\\/sacesa.es\\\/wp-content\\\/uploads\\\/2016\\\/12\\\/cropped-logo-sacesa-rev4-1.png\",\"width\":468,\"height\":156,\"caption\":\"Sacesa\"},\"image\":{\"@id\":\"https:\\\/\\\/sacesa.es\\\/#\\\/schema\\\/logo\\\/image\\\/\"}}]}<\/script>\n<!-- \/ Yoast SEO plugin. -->","yoast_head_json":{"title":"TAX PROCEDURE - Sacesa","description":"Sacesa Consultores, a company specializing in tax procedure management in Madrid, with more than 30 years of experience.","robots":{"index":"index","follow":"follow","max-snippet":"max-snippet:-1","max-image-preview":"max-image-preview:large","max-video-preview":"max-video-preview:-1"},"canonical":"https:\/\/sacesa.es\/en\/prodedimiento-tributario\/","og_locale":"en_GB","og_type":"article","og_title":"PROCEDIMIENTO TRIBUTARIO - Sacesa","og_description":"Sacesa Consultores, empresa especializada en la gesti\u00f3n de procedimiento tributario en Madrid, con m\u00e1s de 30 a\u00f1os de experiencia.","og_url":"https:\/\/sacesa.es\/en\/prodedimiento-tributario\/","og_site_name":"Sacesa","article_modified_time":"2023-12-27T10:18:02+00:00","og_image":[{"url":"https:\/\/www.sacesa.es\/wp-content\/uploads\/2016\/12\/planificacion-tributaria.jpg","type":"","width":"","height":""}],"twitter_card":"summary_large_image","twitter_misc":{"Estimated reading time":"1 minute"},"schema":{"@context":"https:\/\/schema.org","@graph":[{"@type":"WebPage","@id":"https:\/\/sacesa.es\/prodedimiento-tributario\/","url":"https:\/\/sacesa.es\/prodedimiento-tributario\/","name":"TAX PROCEDURE - Sacesa","isPartOf":{"@id":"https:\/\/sacesa.es\/#website"},"primaryImageOfPage":{"@id":"https:\/\/sacesa.es\/prodedimiento-tributario\/#primaryimage"},"image":{"@id":"https:\/\/sacesa.es\/prodedimiento-tributario\/#primaryimage"},"thumbnailUrl":"https:\/\/www.sacesa.es\/wp-content\/uploads\/2016\/12\/planificacion-tributaria.jpg","datePublished":"2016-12-21T18:13:41+00:00","dateModified":"2023-12-27T10:18:02+00:00","description":"Sacesa Consultores, a company specializing in tax procedure management in Madrid, with more than 30 years of experience.","breadcrumb":{"@id":"https:\/\/sacesa.es\/prodedimiento-tributario\/#breadcrumb"},"inLanguage":"en-GB","potentialAction":[{"@type":"ReadAction","target":["https:\/\/sacesa.es\/prodedimiento-tributario\/"]}]},{"@type":"ImageObject","inLanguage":"en-GB","@id":"https:\/\/sacesa.es\/prodedimiento-tributario\/#primaryimage","url":"https:\/\/www.sacesa.es\/wp-content\/uploads\/2016\/12\/planificacion-tributaria.jpg","contentUrl":"https:\/\/www.sacesa.es\/wp-content\/uploads\/2016\/12\/planificacion-tributaria.jpg"},{"@type":"BreadcrumbList","@id":"https:\/\/sacesa.es\/prodedimiento-tributario\/#breadcrumb","itemListElement":[{"@type":"ListItem","position":1,"name":"Portada","item":"https:\/\/sacesa.es\/"},{"@type":"ListItem","position":2,"name":"PROCEDIMIENTO TRIBUTARIO"}]},{"@type":"WebSite","@id":"https:\/\/sacesa.es\/#website","url":"https:\/\/sacesa.es\/","name":"Sacesa","description":"Fiscal consolidation","publisher":{"@id":"https:\/\/sacesa.es\/#organization"},"potentialAction":[{"@type":"SearchAction","target":{"@type":"EntryPoint","urlTemplate":"https:\/\/sacesa.es\/?s={search_term_string}"},"query-input":{"@type":"PropertyValueSpecification","valueRequired":true,"valueName":"search_term_string"}}],"inLanguage":"en-GB"},{"@type":"Organization","@id":"https:\/\/sacesa.es\/#organization","name":"Sacesa","url":"https:\/\/sacesa.es\/","logo":{"@type":"ImageObject","inLanguage":"en-GB","@id":"https:\/\/sacesa.es\/#\/schema\/logo\/image\/","url":"https:\/\/sacesa.es\/wp-content\/uploads\/2016\/12\/cropped-logo-sacesa-rev4-1.png","contentUrl":"https:\/\/sacesa.es\/wp-content\/uploads\/2016\/12\/cropped-logo-sacesa-rev4-1.png","width":468,"height":156,"caption":"Sacesa"},"image":{"@id":"https:\/\/sacesa.es\/#\/schema\/logo\/image\/"}}]}},"_links":{"self":[{"href":"http:\/\/sacesa.es\/en\/wp-json\/wp\/v2\/pages\/136","targetHints":{"allow":["GET"]}}],"collection":[{"href":"http:\/\/sacesa.es\/en\/wp-json\/wp\/v2\/pages"}],"about":[{"href":"http:\/\/sacesa.es\/en\/wp-json\/wp\/v2\/types\/page"}],"author":[{"embeddable":true,"href":"http:\/\/sacesa.es\/en\/wp-json\/wp\/v2\/users\/1"}],"replies":[{"embeddable":true,"href":"http:\/\/sacesa.es\/en\/wp-json\/wp\/v2\/comments?post=136"}],"version-history":[{"count":0,"href":"http:\/\/sacesa.es\/en\/wp-json\/wp\/v2\/pages\/136\/revisions"}],"wp:attachment":[{"href":"http:\/\/sacesa.es\/en\/wp-json\/wp\/v2\/media?parent=136"}],"curies":[{"name":"wp","href":"https:\/\/api.w.org\/{rel}","templated":true}]}}